{"id":16458,"date":"2025-12-12T13:37:54","date_gmt":"2025-12-12T13:37:54","guid":{"rendered":"https:\/\/mertz.travel\/konzerte\/"},"modified":"2025-12-12T13:37:54","modified_gmt":"2025-12-12T13:37:54","slug":"konzerte","status":"publish","type":"page","link":"https:\/\/mertz.travel\/de\/konzerte\/","title":{"rendered":"Konzerte"},"content":{"rendered":"\t\t<div data-elementor-type=\"wp-page\" data-elementor-id=\"16458\" class=\"elementor elementor-16458 elementor-14405\" data-elementor-post-type=\"page\">\n\t\t\t\t\t\t<section class=\"elementor-section elementor-top-section elementor-element elementor-element-3604724e elementor-section-boxed elementor-section-height-default elementor-section-height-default\" data-id=\"3604724e\" data-element_type=\"section\" data-e-type=\"section\">\n\t\t\t\t\t\t<div class=\"elementor-container elementor-column-gap-custom\">\n\t\t\t\t\t<div class=\"elementor-column elementor-col-66 elementor-top-column elementor-element elementor-element-a5f883f\" data-id=\"a5f883f\" data-element_type=\"column\" data-e-type=\"column\">\n\t\t\t<div class=\"elementor-widget-wrap elementor-element-populated\">\n\t\t\t\t\t\t<div class=\"elementor-element elementor-element-a13be70 elementor-position-inline-start elementor-view-default elementor-mobile-position-block-start elementor-widget elementor-widget-icon-box\" data-id=\"a13be70\" data-element_type=\"widget\" data-e-type=\"widget\" data-widget_type=\"icon-box.default\">\n\t\t\t\t<div class=\"elementor-widget-container\">\n\t\t\t\t\t\t\t<div class=\"elementor-icon-box-wrapper\">\n\n\t\t\t\t\t\t<div class=\"elementor-icon-box-icon\">\n\t\t\t\t<a href=\"https:\/\/mertz.travel\/de\/\" class=\"elementor-icon\" tabindex=\"-1\" aria-label=\"Zur\u00fcck\">\n\t\t\t\t<i aria-hidden=\"true\" class=\"triply-icon- triply-icon-long-arrow-left\"><\/i>\t\t\t\t<\/a>\n\t\t\t<\/div>\n\t\t\t\n\t\t\t\t\t\t<div class=\"elementor-icon-box-content\">\n\n\t\t\t\t\t\t\t\t\t<h3 class=\"elementor-icon-box-title\">\n\t\t\t\t\t\t<a href=\"https:\/\/mertz.travel\/de\/\" >\n\t\t\t\t\t\t\tZur\u00fcck\t\t\t\t\t\t<\/a>\n\t\t\t\t\t<\/h3>\n\t\t\t\t\n\t\t\t\t\n\t\t\t<\/div>\n\t\t\t\n\t\t<\/div>\n\t\t\t\t\t\t<\/div>\n\t\t\t\t<\/div>\n\t\t\t\t\t<\/div>\n\t\t<\/div>\n\t\t\t\t<div class=\"elementor-column elementor-col-33 elementor-top-column elementor-element elementor-element-0968ca9\" data-id=\"0968ca9\" data-element_type=\"column\" data-e-type=\"column\">\n\t\t\t<div class=\"elementor-widget-wrap\">\n\t\t\t\t\t\t\t<\/div>\n\t\t<\/div>\n\t\t\t\t\t<\/div>\n\t\t<\/section>\n\t\t\t\t<section class=\"elementor-section elementor-top-section elementor-element elementor-element-f907101 elementor-section-boxed elementor-section-height-default elementor-section-height-default\" data-id=\"f907101\" data-element_type=\"section\" data-e-type=\"section\">\n\t\t\t\t\t\t<div class=\"elementor-container elementor-column-gap-custom\">\n\t\t\t\t\t<div class=\"elementor-column elementor-col-66 elementor-top-column elementor-element elementor-element-ba084a6\" data-id=\"ba084a6\" data-element_type=\"column\" data-e-type=\"column\">\n\t\t\t<div class=\"elementor-widget-wrap elementor-element-populated\">\n\t\t\t\t\t\t<div class=\"elementor-element elementor-element-68312e5 elementor-widget elementor-widget-heading\" data-id=\"68312e5\" data-element_type=\"widget\" data-e-type=\"widget\" data-widget_type=\"heading.default\">\n\t\t\t\t<div class=\"elementor-widget-container\">\n\t\t\t\t\t<h1 class=\"elementor-heading-title elementor-size-default\">Konzerte<\/h1>\t\t\t\t<\/div>\n\t\t\t\t<\/div>\n\t\t\t\t<div class=\"elementor-element elementor-element-1a7da39 elementor-widget-divider--view-line elementor-widget elementor-widget-divider\" data-id=\"1a7da39\" data-element_type=\"widget\" data-e-type=\"widget\" data-widget_type=\"divider.default\">\n\t\t\t\t<div class=\"elementor-widget-container\">\n\t\t\t\t\t\t\t<div class=\"elementor-divider\">\n\t\t\t<span class=\"elementor-divider-separator\">\n\t\t\t\t\t\t<\/span>\n\t\t<\/div>\n\t\t\t\t\t\t<\/div>\n\t\t\t\t<\/div>\n\t\t\t\t<div class=\"elementor-element elementor-element-6bc4423 elementor-widget elementor-widget-text-editor\" data-id=\"6bc4423\" data-element_type=\"widget\" data-e-type=\"widget\" data-widget_type=\"text-editor.default\">\n\t\t\t\t<div class=\"elementor-widget-container\">\n\t\t\t\t\t\t\t\t\t<p data-pm-slice=\"1 1 []\">Erleben Sie die Magie der Live-Musik mit der von Mertz Travel Poland kuratierten Auswahl au\u00dfergew\u00f6hnlicher musikalischer Darbietungen.<br>Jedes Konzert ist eine Hommage an herausragende Kunst und einzigartige Arrangements und schafft eine unvergessliche Atmosph\u00e4re f\u00fcr echte Musikliebhaber.<br>Ob Sie eine klassische Reise oder ein lebendiges kulturelles Erlebnis suchen \u2013 unsere Veranstaltungen bieten ein perfekt abgestimmtes musikalisches Fest.  <\/p><p>Tauchen Sie ein in die Eleganz eines Chopin-Konzerts, bei dem die zeitlosen Werke des gr\u00f6\u00dften polnischen Komponisten lebendig werden.<br>Entdecken Sie die Seele des j\u00fcdischen Erbes bei einer bezaubernden Klezmer-Darbietung.<br>Feiern Sie polnische Tradition mit einer lebendigen, farbenfrohen Folk-Show oder genie\u00dfen Sie die Raffinesse des Royal Chamber Orchestra in einem intimen Rahmen.  <\/p><p>Jede Darbietung ist darauf ausgerichtet, zu fesseln und zu inspirieren \u2013 und bietet ein tiefes kulturelles Erlebnis im Herzen von Krakau.<\/p>\t\t\t\t\t\t\t\t<\/div>\n\t\t\t\t<\/div>\n\t\t\t\t\t<\/div>\n\t\t<\/div>\n\t\t\t\t<div class=\"elementor-column elementor-col-33 elementor-top-column elementor-element elementor-element-6837103\" data-id=\"6837103\" data-element_type=\"column\" data-e-type=\"column\">\n\t\t\t<div class=\"elementor-widget-wrap\">\n\t\t\t\t\t\t\t<\/div>\n\t\t<\/div>\n\t\t\t\t\t<\/div>\n\t\t<\/section>\n\t\t\t\t<section class=\"elementor-section elementor-top-section elementor-element elementor-element-50b5080b elementor-section-boxed elementor-section-height-default elementor-section-height-default\" data-id=\"50b5080b\" data-element_type=\"section\" data-e-type=\"section\">\n\t\t\t\t\t\t<div class=\"elementor-container elementor-column-gap-no\">\n\t\t\t\t\t<div class=\"elementor-column elementor-col-33 elementor-top-column elementor-element elementor-element-5816132b\" data-id=\"5816132b\" data-element_type=\"column\" data-e-type=\"column\">\n\t\t\t<div class=\"elementor-widget-wrap elementor-element-populated\">\n\t\t\t\t\t\t<section class=\"elementor-section elementor-inner-section elementor-element elementor-element-6614e94 elementor-section-height-min-height elementor-section-boxed elementor-section-height-default\" data-id=\"6614e94\" data-element_type=\"section\" data-e-type=\"section\" data-settings=\"{&quot;background_background&quot;:&quot;classic&quot;}\">\n\t\t\t\t\t\t\t<div class=\"elementor-background-overlay\"><\/div>\n\t\t\t\t\t\t\t<div class=\"elementor-container elementor-column-gap-default\">\n\t\t\t\t\t<div class=\"make-column-clickable-elementor elementor-column elementor-col-100 elementor-inner-column elementor-element elementor-element-45da7ca\" style=\"cursor: pointer;\" data-column-clickable=\"https:\/\/mertz.travel\/koncert-chopinowski\/\" data-column-clickable-blank=\"_self\" data-id=\"45da7ca\" data-element_type=\"column\" data-e-type=\"column\">\n\t\t\t<div class=\"elementor-widget-wrap elementor-element-populated\">\n\t\t\t\t\t<div class=\"elementor-background-overlay\"><\/div>\n\t\t\t\t\t\t<div class=\"elementor-element elementor-element-0c45525 elementor-widget elementor-widget-heading\" data-id=\"0c45525\" data-element_type=\"widget\" data-e-type=\"widget\" data-widget_type=\"heading.default\">\n\t\t\t\t<div class=\"elementor-widget-container\">\n\t\t\t\t\t<p class=\"elementor-heading-title elementor-size-default\">Chopin-Konzert<\/p>\t\t\t\t<\/div>\n\t\t\t\t<\/div>\n\t\t\t\t<div class=\"elementor-element elementor-element-73a5b47 elementor-widget elementor-widget-text-editor\" data-id=\"73a5b47\" data-element_type=\"widget\" data-e-type=\"widget\" data-widget_type=\"text-editor.default\">\n\t\t\t\t<div class=\"elementor-widget-container\">\n\t\t\t\t\t\t\t\t\t<div class=\"details_hidden\">\n<div class=\"info-details\">\n<p><strong>Das dem Werk von Fryderyk Chopin gewidmete Konzert ist ein wahrer Genuss f\u00fcr Liebhaber des polnischen Klaviermeisters.<\/strong><\/p>\n<\/div>\n<div id=\"container_link\"><a class=\"button-more_info\" href=\"https:\/\/mertz.travel\/en\/chopin-concert\/\"><img decoding=\"async\" class=\"alignnone wp-image-13840\" role=\"img\" src=\"https:\/\/mertz.travel\/wp-content\/uploads\/\/2021\/05\/oko_ikonka.svg\" alt=\"\" width=\"25\" height=\"15\">Details ansehen<\/a><\/div>\n<\/div>\n\t\t\t\t\t\t\t\t<\/div>\n\t\t\t\t<\/div>\n\t\t\t\t\t<\/div>\n\t\t<\/div>\n\t\t\t\t\t<\/div>\n\t\t<\/section>\n\t\t\t\t\t<\/div>\n\t\t<\/div>\n\t\t\t\t<div class=\"elementor-column elementor-col-33 elementor-top-column elementor-element elementor-element-2841181\" data-id=\"2841181\" data-element_type=\"column\" data-e-type=\"column\">\n\t\t\t<div class=\"elementor-widget-wrap elementor-element-populated\">\n\t\t\t\t\t\t<section class=\"elementor-section elementor-inner-section elementor-element elementor-element-225871c elementor-section-height-min-height elementor-section-boxed elementor-section-height-default\" data-id=\"225871c\" data-element_type=\"section\" data-e-type=\"section\" data-settings=\"{&quot;background_background&quot;:&quot;classic&quot;}\">\n\t\t\t\t\t\t\t<div class=\"elementor-background-overlay\"><\/div>\n\t\t\t\t\t\t\t<div class=\"elementor-container elementor-column-gap-default\">\n\t\t\t\t\t<div class=\"make-column-clickable-elementor elementor-column elementor-col-100 elementor-inner-column elementor-element elementor-element-7168baf\" style=\"cursor: pointer;\" data-column-clickable=\"https:\/\/mertz.travel\/royal-chamber-orchestra\/\" data-column-clickable-blank=\"_self\" data-id=\"7168baf\" data-element_type=\"column\" data-e-type=\"column\">\n\t\t\t<div class=\"elementor-widget-wrap elementor-element-populated\">\n\t\t\t\t\t<div class=\"elementor-background-overlay\"><\/div>\n\t\t\t\t\t\t<div class=\"elementor-element elementor-element-5776f00 elementor-widget elementor-widget-heading\" data-id=\"5776f00\" data-element_type=\"widget\" data-e-type=\"widget\" data-widget_type=\"heading.default\">\n\t\t\t\t<div class=\"elementor-widget-container\">\n\t\t\t\t\t<p class=\"elementor-heading-title elementor-size-default\">Royal Chamber Orchestra<\/p>\t\t\t\t<\/div>\n\t\t\t\t<\/div>\n\t\t\t\t<div class=\"elementor-element elementor-element-09ad3a5 elementor-widget elementor-widget-text-editor\" data-id=\"09ad3a5\" data-element_type=\"widget\" data-e-type=\"widget\" data-widget_type=\"text-editor.default\">\n\t\t\t\t<div class=\"elementor-widget-container\">\n\t\t\t\t\t\t\t\t\t<div class=\"details_hidden\">\n<div class=\"info-details\">\n<p><strong>Das Konzert des Royal Chamber Orchestra verk\u00f6rpert die ganze Magie der musikalischen Welt im Herzen der Krakauer Altstadt.<\/strong><\/p>\n<\/div>\n<div id=\"container_link\"><a class=\"button-more_info\" href=\"https:\/\/mertz.travel\/en\/royal-chamber-orchestra\/\"><img decoding=\"async\" class=\"alignnone wp-image-13840\" role=\"img\" src=\"https:\/\/mertz.travel\/wp-content\/uploads\/\/2021\/05\/oko_ikonka.svg\" alt=\"\" width=\"25\" height=\"15\">Details ansehen<\/a><\/div>\n<\/div>\n\t\t\t\t\t\t\t\t<\/div>\n\t\t\t\t<\/div>\n\t\t\t\t\t<\/div>\n\t\t<\/div>\n\t\t\t\t\t<\/div>\n\t\t<\/section>\n\t\t\t\t\t<\/div>\n\t\t<\/div>\n\t\t\t\t<div class=\"elementor-column elementor-col-33 elementor-top-column elementor-element elementor-element-db662aa\" data-id=\"db662aa\" data-element_type=\"column\" data-e-type=\"column\">\n\t\t\t<div class=\"elementor-widget-wrap elementor-element-populated\">\n\t\t\t\t\t\t<section class=\"elementor-section elementor-inner-section elementor-element elementor-element-0f67d3d elementor-section-height-min-height elementor-section-boxed elementor-section-height-default\" data-id=\"0f67d3d\" data-element_type=\"section\" data-e-type=\"section\" data-settings=\"{&quot;background_background&quot;:&quot;classic&quot;}\">\n\t\t\t\t\t\t\t<div class=\"elementor-background-overlay\"><\/div>\n\t\t\t\t\t\t\t<div class=\"elementor-container elementor-column-gap-default\">\n\t\t\t\t\t<div class=\"make-column-clickable-elementor elementor-column elementor-col-100 elementor-inner-column elementor-element elementor-element-deaa281\" style=\"cursor: pointer;\" data-column-clickable=\"https:\/\/mertz.travel\/muzyka-klezmerska\/\" data-column-clickable-blank=\"_self\" data-id=\"deaa281\" data-element_type=\"column\" data-e-type=\"column\">\n\t\t\t<div class=\"elementor-widget-wrap elementor-element-populated\">\n\t\t\t\t\t<div class=\"elementor-background-overlay\"><\/div>\n\t\t\t\t\t\t<div class=\"elementor-element elementor-element-e6399a6 elementor-widget elementor-widget-heading\" data-id=\"e6399a6\" data-element_type=\"widget\" data-e-type=\"widget\" data-widget_type=\"heading.default\">\n\t\t\t\t<div class=\"elementor-widget-container\">\n\t\t\t\t\t<p class=\"elementor-heading-title elementor-size-default\">Klezmermusik<\/p>\t\t\t\t<\/div>\n\t\t\t\t<\/div>\n\t\t\t\t<div class=\"elementor-element elementor-element-cd02ade elementor-widget elementor-widget-text-editor\" data-id=\"cd02ade\" data-element_type=\"widget\" data-e-type=\"widget\" data-widget_type=\"text-editor.default\">\n\t\t\t\t<div class=\"elementor-widget-container\">\n\t\t\t\t\t\t\t\t\t<div class=\"details_hidden\">\n<div class=\"info-details\">\n<p><strong>Ein au\u00dfergew\u00f6hnliches musikalisches Ereignis mit herausragenden lokalen Klezmer-Musikensembles. <\/strong><\/p>\n<\/div>\n<div id=\"container_link\"><a class=\"button-more_info\" href=\"https:\/\/mertz.travel\/en\/klezmer-music\/\"><img decoding=\"async\" class=\"alignnone wp-image-13840\" role=\"img\" src=\"https:\/\/mertz.travel\/wp-content\/uploads\/\/2021\/05\/oko_ikonka.svg\" alt=\"\" width=\"25\" height=\"15\">Details ansehen<\/a><\/div>\n<\/div>\n\t\t\t\t\t\t\t\t<\/div>\n\t\t\t\t<\/div>\n\t\t\t\t\t<\/div>\n\t\t<\/div>\n\t\t\t\t\t<\/div>\n\t\t<\/section>\n\t\t\t\t\t<\/div>\n\t\t<\/div>\n\t\t\t\t\t<\/div>\n\t\t<\/section>\n\t\t\t\t<section class=\"elementor-section elementor-top-section elementor-element elementor-element-06cb5eb elementor-section-boxed elementor-section-height-default elementor-section-height-default\" data-id=\"06cb5eb\" data-element_type=\"section\" data-e-type=\"section\">\n\t\t\t\t\t\t<div class=\"elementor-container elementor-column-gap-no\">\n\t\t\t\t\t<div class=\"elementor-column elementor-col-33 elementor-top-column elementor-element elementor-element-15de70b\" data-id=\"15de70b\" data-element_type=\"column\" data-e-type=\"column\">\n\t\t\t<div class=\"elementor-widget-wrap elementor-element-populated\">\n\t\t\t\t\t\t<section class=\"elementor-section elementor-inner-section elementor-element elementor-element-c90333b elementor-section-height-min-height elementor-section-boxed elementor-section-height-default\" data-id=\"c90333b\" data-element_type=\"section\" data-e-type=\"section\" data-settings=\"{&quot;background_background&quot;:&quot;classic&quot;}\">\n\t\t\t\t\t\t\t<div class=\"elementor-background-overlay\"><\/div>\n\t\t\t\t\t\t\t<div class=\"elementor-container elementor-column-gap-default\">\n\t\t\t\t\t<div class=\"make-column-clickable-elementor elementor-column elementor-col-100 elementor-inner-column elementor-element elementor-element-bc2b08c\" style=\"cursor: pointer;\" data-column-clickable=\"https:\/\/mertz.travel\/folk-show\/\" data-column-clickable-blank=\"_self\" data-id=\"bc2b08c\" data-element_type=\"column\" data-e-type=\"column\">\n\t\t\t<div class=\"elementor-widget-wrap elementor-element-populated\">\n\t\t\t\t\t<div class=\"elementor-background-overlay\"><\/div>\n\t\t\t\t\t\t<div class=\"elementor-element elementor-element-146862c elementor-widget elementor-widget-heading\" data-id=\"146862c\" data-element_type=\"widget\" data-e-type=\"widget\" data-widget_type=\"heading.default\">\n\t\t\t\t<div class=\"elementor-widget-container\">\n\t\t\t\t\t<p class=\"elementor-heading-title elementor-size-default\">Folklore-Show <\/p>\t\t\t\t<\/div>\n\t\t\t\t<\/div>\n\t\t\t\t<div class=\"elementor-element elementor-element-21947d1 elementor-widget elementor-widget-text-editor\" data-id=\"21947d1\" data-element_type=\"widget\" data-e-type=\"widget\" data-widget_type=\"text-editor.default\">\n\t\t\t\t<div class=\"elementor-widget-container\">\n\t\t\t\t\t\t\t\t\t<div class=\"details_hidden\">\n<div class=\"info-details\">\n<p><strong>Es ist die beste polnische Folklore-Show mit Tanz, Gesang und Live-Musik, abgerundet von einem k\u00f6stlichen polnischen Abendessen. <\/strong><\/p>\n<\/div>\n<div id=\"container_link\"><a class=\"button-more_info\" href=\"https:\/\/mertz.travel\/en\/folk-show\/\"><img decoding=\"async\" class=\"alignnone wp-image-13840\" role=\"img\" src=\"https:\/\/mertz.travel\/wp-content\/uploads\/\/2021\/05\/oko_ikonka.svg\" alt=\"\" width=\"25\" height=\"15\">Details ansehen<\/a><\/div>\n<\/div>\n\t\t\t\t\t\t\t\t<\/div>\n\t\t\t\t<\/div>\n\t\t\t\t\t<\/div>\n\t\t<\/div>\n\t\t\t\t\t<\/div>\n\t\t<\/section>\n\t\t\t\t\t<\/div>\n\t\t<\/div>\n\t\t\t\t<div class=\"elementor-column elementor-col-33 elementor-top-column elementor-element elementor-element-71d3602\" data-id=\"71d3602\" data-element_type=\"column\" data-e-type=\"column\">\n\t\t\t<div class=\"elementor-widget-wrap elementor-element-populated\">\n\t\t\t\t\t\t<section class=\"elementor-section elementor-inner-section elementor-element elementor-element-a3175a4 elementor-section-height-min-height elementor-section-boxed elementor-section-height-default\" data-id=\"a3175a4\" data-element_type=\"section\" data-e-type=\"section\" data-settings=\"{&quot;background_background&quot;:&quot;classic&quot;}\">\n\t\t\t\t\t\t\t<div class=\"elementor-background-overlay\"><\/div>\n\t\t\t\t\t\t\t<div class=\"elementor-container elementor-column-gap-default\">\n\t\t\t\t\t<div class=\"make-column-clickable-elementor elementor-column elementor-col-100 elementor-inner-column elementor-element elementor-element-98abf09\" style=\"cursor: pointer;\" data-column-clickable=\"https:\/\/mertz.travel\/koncert-kameralny-tylko-dla-ciebie\/\" data-column-clickable-blank=\"_self\" data-id=\"98abf09\" data-element_type=\"column\" data-e-type=\"column\">\n\t\t\t<div class=\"elementor-widget-wrap elementor-element-populated\">\n\t\t\t\t\t<div class=\"elementor-background-overlay\"><\/div>\n\t\t\t\t\t\t<div class=\"elementor-element elementor-element-0e25366 elementor-widget elementor-widget-heading\" data-id=\"0e25366\" data-element_type=\"widget\" data-e-type=\"widget\" data-widget_type=\"heading.default\">\n\t\t\t\t<div class=\"elementor-widget-container\">\n\t\t\t\t\t<p class=\"elementor-heading-title elementor-size-default\">Ein Kammermusikkonzert nur f\u00fcr Sie<\/p>\t\t\t\t<\/div>\n\t\t\t\t<\/div>\n\t\t\t\t<div class=\"elementor-element elementor-element-3199a74 elementor-widget elementor-widget-text-editor\" data-id=\"3199a74\" data-element_type=\"widget\" data-e-type=\"widget\" data-widget_type=\"text-editor.default\">\n\t\t\t\t<div class=\"elementor-widget-container\">\n\t\t\t\t\t\t\t\t\t<div class=\"details_hidden\">\n<div class=\"info-details\">\n<p><strong>Fragen Sie sich, ob ein Konzert auf Ihrer eigenen Terrasse, in Ihrem Wohnzimmer, aus dem Fenster der Wohnung Ihrer Verlobten oder vielleicht bei Ihrer Hochzeitszeremonie m\u00f6glich ist? Ja, jetzt ist es m\u00f6glich. <\/strong><\/p>\n<\/div>\n<div id=\"container_link\"><a class=\"button-more_info\" href=\"https:\/\/mertz.travel\/en\/a-chamber-music-concert-just-for-you\/\"><img decoding=\"async\" class=\"alignnone wp-image-13840\" role=\"img\" src=\"https:\/\/mertz.travel\/wp-content\/uploads\/\/2021\/05\/oko_ikonka.svg\" alt=\"\" width=\"25\" height=\"15\">Details ansehen<\/a><\/div>\n<\/div>\n\t\t\t\t\t\t\t\t<\/div>\n\t\t\t\t<\/div>\n\t\t\t\t\t<\/div>\n\t\t<\/div>\n\t\t\t\t\t<\/div>\n\t\t<\/section>\n\t\t\t\t\t<\/div>\n\t\t<\/div>\n\t\t\t\t<div class=\"elementor-column elementor-col-33 elementor-top-column elementor-element elementor-element-0c2f2c6\" data-id=\"0c2f2c6\" data-element_type=\"column\" data-e-type=\"column\">\n\t\t\t<div class=\"elementor-widget-wrap\">\n\t\t\t\t\t\t\t<\/div>\n\t\t<\/div>\n\t\t\t\t\t<\/div>\n\t\t<\/section>\n\t\t\t\t<section class=\"elementor-section elementor-top-section elementor-element elementor-element-c918eb3 elementor-section-boxed elementor-section-height-default elementor-section-height-default\" data-id=\"c918eb3\" data-element_type=\"section\" data-e-type=\"section\">\n\t\t\t\t\t\t<div class=\"elementor-container elementor-column-gap-default\">\n\t\t\t\t\t<div class=\"elementor-column elementor-col-100 elementor-top-column elementor-element elementor-element-a1addad\" data-id=\"a1addad\" data-element_type=\"column\" data-e-type=\"column\">\n\t\t\t<div class=\"elementor-widget-wrap elementor-element-populated\">\n\t\t\t\t\t\t<div class=\"elementor-element elementor-element-188b20e elementor-widget elementor-widget-spacer\" data-id=\"188b20e\" data-element_type=\"widget\" data-e-type=\"widget\" data-widget_type=\"spacer.default\">\n\t\t\t\t<div class=\"elementor-widget-container\">\n\t\t\t\t\t\t\t<div class=\"elementor-spacer\">\n\t\t\t<div class=\"elementor-spacer-inner\"><\/div>\n\t\t<\/div>\n\t\t\t\t\t\t<\/div>\n\t\t\t\t<\/div>\n\t\t\t\t\t<\/div>\n\t\t<\/div>\n\t\t\t\t\t<\/div>\n\t\t<\/section>\n\t\t\t\t<\/div>\n\t\t","protected":false},"excerpt":{"rendered":"<p>Zur\u00fcck Konzerte Erleben Sie die Magie der Live-Musik mit der von Mertz Travel Poland kuratierten Auswahl au\u00dfergew\u00f6hnlicher musikalischer Darbietungen.Jedes Konzert ist eine Hommage an herausragende Kunst und einzigartige Arrangements und schafft eine unvergessliche Atmosph\u00e4re f\u00fcr echte Musikliebhaber.Ob Sie eine klassische Reise oder ein lebendiges kulturelles Erlebnis suchen \u2013 unsere Veranstaltungen bieten ein perfekt abgestimmtes musikalisches [&hellip;]<\/p>\n","protected":false},"author":1,"featured_media":0,"parent":0,"menu_order":0,"comment_status":"closed","ping_status":"closed","template":"elementor_header_footer","meta":{"inline_featured_image":false,"footnotes":""},"class_list":["post-16458","page","type-page","status-publish","hentry"],"_links":{"self":[{"href":"https:\/\/mertz.travel\/de\/wp-json\/wp\/v2\/pages\/16458","targetHints":{"allow":["GET"]}}],"collection":[{"href":"https:\/\/mertz.travel\/de\/wp-json\/wp\/v2\/pages"}],"about":[{"href":"https:\/\/mertz.travel\/de\/wp-json\/wp\/v2\/types\/page"}],"author":[{"embeddable":true,"href":"https:\/\/mertz.travel\/de\/wp-json\/wp\/v2\/users\/1"}],"replies":[{"embeddable":true,"href":"https:\/\/mertz.travel\/de\/wp-json\/wp\/v2\/comments?post=16458"}],"version-history":[{"count":1,"href":"https:\/\/mertz.travel\/de\/wp-json\/wp\/v2\/pages\/16458\/revisions"}],"predecessor-version":[{"id":16459,"href":"https:\/\/mertz.travel\/de\/wp-json\/wp\/v2\/pages\/16458\/revisions\/16459"}],"wp:attachment":[{"href":"https:\/\/mertz.travel\/de\/wp-json\/wp\/v2\/media?parent=16458"}],"curies":[{"name":"wp","href":"https:\/\/api.w.org\/{rel}","templated":true}]}}