{"id":16463,"date":"2025-12-12T13:43:20","date_gmt":"2025-12-12T13:43:20","guid":{"rendered":"https:\/\/mertz.travel\/helikopterfluege-und-touren\/"},"modified":"2025-12-12T13:43:20","modified_gmt":"2025-12-12T13:43:20","slug":"helikopterfluege-und-touren","status":"publish","type":"page","link":"https:\/\/mertz.travel\/de\/helikopterfluege-und-touren\/","title":{"rendered":"Helikopterfl\u00fcge und -touren"},"content":{"rendered":"\t\t<div data-elementor-type=\"wp-page\" data-elementor-id=\"16463\" class=\"elementor elementor-16463 elementor-14371\" data-elementor-post-type=\"page\">\n\t\t\t\t\t\t<section class=\"elementor-section elementor-top-section elementor-element elementor-element-3604724e elementor-section-boxed elementor-section-height-default elementor-section-height-default\" data-id=\"3604724e\" data-element_type=\"section\" data-e-type=\"section\">\n\t\t\t\t\t\t<div class=\"elementor-container elementor-column-gap-custom\">\n\t\t\t\t\t<div class=\"elementor-column elementor-col-66 elementor-top-column elementor-element elementor-element-a5f883f\" data-id=\"a5f883f\" data-element_type=\"column\" data-e-type=\"column\">\n\t\t\t<div class=\"elementor-widget-wrap elementor-element-populated\">\n\t\t\t\t\t\t<div class=\"elementor-element elementor-element-a13be70 elementor-position-inline-start elementor-view-default elementor-mobile-position-block-start elementor-widget elementor-widget-icon-box\" data-id=\"a13be70\" data-element_type=\"widget\" data-e-type=\"widget\" data-widget_type=\"icon-box.default\">\n\t\t\t\t<div class=\"elementor-widget-container\">\n\t\t\t\t\t\t\t<div class=\"elementor-icon-box-wrapper\">\n\n\t\t\t\t\t\t<div class=\"elementor-icon-box-icon\">\n\t\t\t\t<a href=\"https:\/\/mertz.travel\/de\/\" class=\"elementor-icon\" tabindex=\"-1\" aria-label=\"Zur\u00fcck\">\n\t\t\t\t<i aria-hidden=\"true\" class=\"triply-icon- triply-icon-long-arrow-left\"><\/i>\t\t\t\t<\/a>\n\t\t\t<\/div>\n\t\t\t\n\t\t\t\t\t\t<div class=\"elementor-icon-box-content\">\n\n\t\t\t\t\t\t\t\t\t<h3 class=\"elementor-icon-box-title\">\n\t\t\t\t\t\t<a href=\"https:\/\/mertz.travel\/de\/\" >\n\t\t\t\t\t\t\tZur\u00fcck\t\t\t\t\t\t<\/a>\n\t\t\t\t\t<\/h3>\n\t\t\t\t\n\t\t\t\t\n\t\t\t<\/div>\n\t\t\t\n\t\t<\/div>\n\t\t\t\t\t\t<\/div>\n\t\t\t\t<\/div>\n\t\t\t\t\t<\/div>\n\t\t<\/div>\n\t\t\t\t<div class=\"elementor-column elementor-col-33 elementor-top-column elementor-element elementor-element-0968ca9\" data-id=\"0968ca9\" data-element_type=\"column\" data-e-type=\"column\">\n\t\t\t<div class=\"elementor-widget-wrap\">\n\t\t\t\t\t\t\t<\/div>\n\t\t<\/div>\n\t\t\t\t\t<\/div>\n\t\t<\/section>\n\t\t\t\t<section class=\"elementor-section elementor-top-section elementor-element elementor-element-f907101 elementor-section-boxed elementor-section-height-default elementor-section-height-default\" data-id=\"f907101\" data-element_type=\"section\" data-e-type=\"section\">\n\t\t\t\t\t\t<div class=\"elementor-container elementor-column-gap-custom\">\n\t\t\t\t\t<div class=\"elementor-column elementor-col-66 elementor-top-column elementor-element elementor-element-ba084a6\" data-id=\"ba084a6\" data-element_type=\"column\" data-e-type=\"column\">\n\t\t\t<div class=\"elementor-widget-wrap elementor-element-populated\">\n\t\t\t\t\t\t<div class=\"elementor-element elementor-element-68312e5 elementor-widget elementor-widget-heading\" data-id=\"68312e5\" data-element_type=\"widget\" data-e-type=\"widget\" data-widget_type=\"heading.default\">\n\t\t\t\t<div class=\"elementor-widget-container\">\n\t\t\t\t\t<h1 class=\"elementor-heading-title elementor-size-default\">Helikopterfl\u00fcge und -touren<\/h1>\t\t\t\t<\/div>\n\t\t\t\t<\/div>\n\t\t\t\t<div class=\"elementor-element elementor-element-1a7da39 elementor-widget-divider--view-line elementor-widget elementor-widget-divider\" data-id=\"1a7da39\" data-element_type=\"widget\" data-e-type=\"widget\" data-widget_type=\"divider.default\">\n\t\t\t\t<div class=\"elementor-widget-container\">\n\t\t\t\t\t\t\t<div class=\"elementor-divider\">\n\t\t\t<span class=\"elementor-divider-separator\">\n\t\t\t\t\t\t<\/span>\n\t\t<\/div>\n\t\t\t\t\t\t<\/div>\n\t\t\t\t<\/div>\n\t\t\t\t<div class=\"elementor-element elementor-element-6bc4423 elementor-widget elementor-widget-text-editor\" data-id=\"6bc4423\" data-element_type=\"widget\" data-e-type=\"widget\" data-widget_type=\"text-editor.default\">\n\t\t\t\t<div class=\"elementor-widget-container\">\n\t\t\t\t\t\t\t\t\t<p><span style=\"font-weight: 400;\">Lufttaxi- und Rundfl\u00fcge kombiniert mit klassischem Sightseeing. Das ist eine neue Qualit\u00e4t im Krakauer Tourismus. Gro\u00dfe Emotionen und wunderbare Ausblicke sind garantiert.   <\/span><\/p>\n\t\t\t\t\t\t\t\t<\/div>\n\t\t\t\t<\/div>\n\t\t\t\t\t<\/div>\n\t\t<\/div>\n\t\t\t\t<div class=\"elementor-column elementor-col-33 elementor-top-column elementor-element elementor-element-6837103\" data-id=\"6837103\" data-element_type=\"column\" data-e-type=\"column\">\n\t\t\t<div class=\"elementor-widget-wrap\">\n\t\t\t\t\t\t\t<\/div>\n\t\t<\/div>\n\t\t\t\t\t<\/div>\n\t\t<\/section>\n\t\t\t\t<section class=\"elementor-section elementor-top-section elementor-element elementor-element-50b5080b elementor-section-boxed elementor-section-height-default elementor-section-height-default\" data-id=\"50b5080b\" data-element_type=\"section\" data-e-type=\"section\">\n\t\t\t\t\t\t<div class=\"elementor-container elementor-column-gap-no\">\n\t\t\t\t\t<div class=\"elementor-column elementor-col-33 elementor-top-column elementor-element elementor-element-5816132b\" data-id=\"5816132b\" data-element_type=\"column\" data-e-type=\"column\">\n\t\t\t<div class=\"elementor-widget-wrap elementor-element-populated\">\n\t\t\t\t\t\t<section class=\"elementor-section elementor-inner-section elementor-element elementor-element-6614e94 elementor-section-height-min-height elementor-section-boxed elementor-section-height-default\" data-id=\"6614e94\" data-element_type=\"section\" data-e-type=\"section\" data-settings=\"{&quot;background_background&quot;:&quot;classic&quot;}\">\n\t\t\t\t\t\t\t<div class=\"elementor-background-overlay\"><\/div>\n\t\t\t\t\t\t\t<div class=\"elementor-container elementor-column-gap-default\">\n\t\t\t\t\t<div class=\"make-column-clickable-elementor elementor-column elementor-col-100 elementor-inner-column elementor-element elementor-element-45da7ca\" style=\"cursor: pointer;\" data-column-clickable=\"https:\/\/mertz.travel\/en\/helicopter-transfers\/\" data-column-clickable-blank=\"_self\" data-id=\"45da7ca\" data-element_type=\"column\" data-e-type=\"column\">\n\t\t\t<div class=\"elementor-widget-wrap elementor-element-populated\">\n\t\t\t\t\t<div class=\"elementor-background-overlay\"><\/div>\n\t\t\t\t\t\t<div class=\"elementor-element elementor-element-0c45525 elementor-widget elementor-widget-heading\" data-id=\"0c45525\" data-element_type=\"widget\" data-e-type=\"widget\" data-widget_type=\"heading.default\">\n\t\t\t\t<div class=\"elementor-widget-container\">\n\t\t\t\t\t<p class=\"elementor-heading-title elementor-size-default\">Transfers<\/p>\t\t\t\t<\/div>\n\t\t\t\t<\/div>\n\t\t\t\t<div class=\"elementor-element elementor-element-73a5b47 elementor-widget elementor-widget-text-editor\" data-id=\"73a5b47\" data-element_type=\"widget\" data-e-type=\"widget\" data-widget_type=\"text-editor.default\">\n\t\t\t\t<div class=\"elementor-widget-container\">\n\t\t\t\t\t\t\t\t\t<div class=\"details_hidden\">\n<div class=\"info-details\">\n\n<strong>Die perfekte L\u00f6sung f\u00fcr alle, die schnell von einem Ort zum anderen gelangen m\u00fcssen, ohne im Stau zu stehen. Unser Hubschrauber bringt Sie sofort dorthin, wo immer es n\u00f6tig ist.  <\/strong>\n\n<\/div>\n<div id=\"container\"><a class=\"button-more_info\" href=\"https:\/\/mertz.travel\/en\/helicopter-transfers\/\"><img decoding=\"async\" class=\"alignnone wp-image-13840\" role=\"img\" src=\"https:\/\/mertz.travel\/wp-content\/uploads\/\/2021\/05\/oko_ikonka.svg\" alt=\"\" width=\"25\" height=\"15\">Details ansehen<\/a><\/div>\n<\/div>\t\t\t\t\t\t\t\t<\/div>\n\t\t\t\t<\/div>\n\t\t\t\t\t<\/div>\n\t\t<\/div>\n\t\t\t\t\t<\/div>\n\t\t<\/section>\n\t\t\t\t\t<\/div>\n\t\t<\/div>\n\t\t\t\t<div class=\"elementor-column elementor-col-33 elementor-top-column elementor-element elementor-element-7cf5530d\" data-id=\"7cf5530d\" data-element_type=\"column\" data-e-type=\"column\">\n\t\t\t<div class=\"elementor-widget-wrap elementor-element-populated\">\n\t\t\t\t\t\t<section class=\"elementor-section elementor-inner-section elementor-element elementor-element-02ab230 elementor-section-height-min-height elementor-section-boxed elementor-section-height-default\" data-id=\"02ab230\" data-element_type=\"section\" data-e-type=\"section\" data-settings=\"{&quot;background_background&quot;:&quot;classic&quot;}\">\n\t\t\t\t\t\t\t<div class=\"elementor-background-overlay\"><\/div>\n\t\t\t\t\t\t\t<div class=\"elementor-container elementor-column-gap-default\">\n\t\t\t\t\t<div class=\"make-column-clickable-elementor elementor-column elementor-col-100 elementor-inner-column elementor-element elementor-element-6678256\" style=\"cursor: pointer;\" data-column-clickable=\"https:\/\/mertz.travel\/loty-widokowe\/\" data-column-clickable-blank=\"_self\" data-id=\"6678256\" data-element_type=\"column\" data-e-type=\"column\">\n\t\t\t<div class=\"elementor-widget-wrap elementor-element-populated\">\n\t\t\t\t\t<div class=\"elementor-background-overlay\"><\/div>\n\t\t\t\t\t\t<div class=\"elementor-element elementor-element-47c0d04 elementor-widget elementor-widget-heading\" data-id=\"47c0d04\" data-element_type=\"widget\" data-e-type=\"widget\" data-widget_type=\"heading.default\">\n\t\t\t\t<div class=\"elementor-widget-container\">\n\t\t\t\t\t<p class=\"elementor-heading-title elementor-size-default\">Rundfl\u00fcge<\/p>\t\t\t\t<\/div>\n\t\t\t\t<\/div>\n\t\t\t\t<div class=\"elementor-element elementor-element-b27f2f2 elementor-widget elementor-widget-text-editor\" data-id=\"b27f2f2\" data-element_type=\"widget\" data-e-type=\"widget\" data-widget_type=\"text-editor.default\">\n\t\t\t\t<div class=\"elementor-widget-container\">\n\t\t\t\t\t\t\t\t\t<div class=\"details_hidden\">\n<div class=\"info-details\">\n<p><strong>Ein Flug \u00fcber Krakau, Wieliczka, den Dobczyce-See oder Zakopane ist ein wunderbares Erlebnis, das sicher viele Jahre in Erinnerung bleiben wird.<\/strong><\/p>\n<\/div>\n<div id=\"container\"><a class=\"button-more_info\" href=\"https:\/\/mertz.travel\/en\/scenic-flights\/\"><img decoding=\"async\" class=\"alignnone wp-image-13840\" role=\"img\" src=\"https:\/\/mertz.travel\/wp-content\/uploads\/\/2021\/05\/oko_ikonka.svg\" alt=\"\" width=\"25\" height=\"15\">Details ansehen<\/a><\/div>\n<\/div>\n\t\t\t\t\t\t\t\t<\/div>\n\t\t\t\t<\/div>\n\t\t\t\t\t<\/div>\n\t\t<\/div>\n\t\t\t\t\t<\/div>\n\t\t<\/section>\n\t\t\t\t\t<\/div>\n\t\t<\/div>\n\t\t\t\t<div class=\"elementor-column elementor-col-33 elementor-top-column elementor-element elementor-element-748e3bc8\" data-id=\"748e3bc8\" data-element_type=\"column\" data-e-type=\"column\">\n\t\t\t<div class=\"elementor-widget-wrap elementor-element-populated\">\n\t\t\t\t\t\t<section class=\"elementor-section elementor-inner-section elementor-element elementor-element-508e641 elementor-section-height-min-height elementor-section-boxed elementor-section-height-default\" data-id=\"508e641\" data-element_type=\"section\" data-e-type=\"section\" data-settings=\"{&quot;background_background&quot;:&quot;classic&quot;}\">\n\t\t\t\t\t\t\t<div class=\"elementor-background-overlay\"><\/div>\n\t\t\t\t\t\t\t<div class=\"elementor-container elementor-column-gap-default\">\n\t\t\t\t\t<div class=\"make-column-clickable-elementor elementor-column elementor-col-100 elementor-inner-column elementor-element elementor-element-83237db\" style=\"cursor: pointer;\" data-column-clickable=\"https:\/\/mertz.travel\/lot-widokowy-do-tynca\" data-column-clickable-blank=\"_self\" data-id=\"83237db\" data-element_type=\"column\" data-e-type=\"column\">\n\t\t\t<div class=\"elementor-widget-wrap elementor-element-populated\">\n\t\t\t\t\t<div class=\"elementor-background-overlay\"><\/div>\n\t\t\t\t\t\t<div class=\"elementor-element elementor-element-d3799c0 elementor-widget elementor-widget-heading\" data-id=\"d3799c0\" data-element_type=\"widget\" data-e-type=\"widget\" data-widget_type=\"heading.default\">\n\t\t\t\t<div class=\"elementor-widget-container\">\n\t\t\t\t\t<p class=\"elementor-heading-title elementor-size-default\">Rundflug mit einem Ausflug zur Abtei Tyniec und einem Mittagessen auf dem Schlossberg<\/p>\t\t\t\t<\/div>\n\t\t\t\t<\/div>\n\t\t\t\t<div class=\"elementor-element elementor-element-0178b6a elementor-widget elementor-widget-text-editor\" data-id=\"0178b6a\" data-element_type=\"widget\" data-e-type=\"widget\" data-widget_type=\"text-editor.default\">\n\t\t\t\t<div class=\"elementor-widget-container\">\n\t\t\t\t\t\t\t\t\t<div class=\"details_hidden\">\n<div class=\"info-details\">\n<p><strong>Privater Rundflug \u00fcber Krakau, kombiniert mit einem Besuch der Benediktinerabtei in Tyniec und einem k\u00f6stlichen polnischen Abendessen im Turm des Schlosses.<br><\/strong><\/p>\n<\/div>\n<div id=\"container\"><a class=\"button-more_info\" href=\"https:\/\/mertz.travel\/en\/scenic-flight-with-a-trip-to-tyniec\/\"><img decoding=\"async\" class=\"alignnone wp-image-13840\" role=\"img\" src=\"https:\/\/mertz.travel\/wp-content\/uploads\/\/2021\/05\/oko_ikonka.svg\" alt=\"\" width=\"25\" height=\"15\">Details ansehen<\/a><\/div>\n<\/div>\n\t\t\t\t\t\t\t\t<\/div>\n\t\t\t\t<\/div>\n\t\t\t\t\t<\/div>\n\t\t<\/div>\n\t\t\t\t\t<\/div>\n\t\t<\/section>\n\t\t\t\t\t<\/div>\n\t\t<\/div>\n\t\t\t\t\t<\/div>\n\t\t<\/section>\n\t\t\t\t<section class=\"elementor-section elementor-top-section elementor-element elementor-element-dd8b4c6 elementor-section-boxed elementor-section-height-default elementor-section-height-default\" data-id=\"dd8b4c6\" data-element_type=\"section\" data-e-type=\"section\">\n\t\t\t\t\t\t<div class=\"elementor-container elementor-column-gap-default\">\n\t\t\t\t\t<div class=\"elementor-column elementor-col-100 elementor-top-column elementor-element elementor-element-6db82b0\" data-id=\"6db82b0\" data-element_type=\"column\" data-e-type=\"column\">\n\t\t\t<div class=\"elementor-widget-wrap elementor-element-populated\">\n\t\t\t\t\t\t<div class=\"elementor-element elementor-element-e1592ca elementor-widget elementor-widget-spacer\" data-id=\"e1592ca\" data-element_type=\"widget\" data-e-type=\"widget\" data-widget_type=\"spacer.default\">\n\t\t\t\t<div class=\"elementor-widget-container\">\n\t\t\t\t\t\t\t<div class=\"elementor-spacer\">\n\t\t\t<div class=\"elementor-spacer-inner\"><\/div>\n\t\t<\/div>\n\t\t\t\t\t\t<\/div>\n\t\t\t\t<\/div>\n\t\t\t\t\t<\/div>\n\t\t<\/div>\n\t\t\t\t\t<\/div>\n\t\t<\/section>\n\t\t\t\t<\/div>\n\t\t","protected":false},"excerpt":{"rendered":"<p>Zur\u00fcck Helikopterfl\u00fcge und -touren Lufttaxi- und Rundfl\u00fcge kombiniert mit klassischem Sightseeing. Das ist eine neue Qualit\u00e4t im Krakauer Tourismus. Gro\u00dfe Emotionen und wunderbare Ausblicke sind garantiert. Transfers Die perfekte L\u00f6sung f\u00fcr alle, die schnell von einem Ort zum anderen gelangen m\u00fcssen, ohne im Stau zu stehen. Unser Hubschrauber bringt Sie sofort dorthin, wo immer es [&hellip;]<\/p>\n","protected":false},"author":1,"featured_media":0,"parent":0,"menu_order":0,"comment_status":"closed","ping_status":"closed","template":"elementor_header_footer","meta":{"inline_featured_image":false,"footnotes":""},"class_list":["post-16463","page","type-page","status-publish","hentry"],"_links":{"self":[{"href":"https:\/\/mertz.travel\/de\/wp-json\/wp\/v2\/pages\/16463","targetHints":{"allow":["GET"]}}],"collection":[{"href":"https:\/\/mertz.travel\/de\/wp-json\/wp\/v2\/pages"}],"about":[{"href":"https:\/\/mertz.travel\/de\/wp-json\/wp\/v2\/types\/page"}],"author":[{"embeddable":true,"href":"https:\/\/mertz.travel\/de\/wp-json\/wp\/v2\/users\/1"}],"replies":[{"embeddable":true,"href":"https:\/\/mertz.travel\/de\/wp-json\/wp\/v2\/comments?post=16463"}],"version-history":[{"count":1,"href":"https:\/\/mertz.travel\/de\/wp-json\/wp\/v2\/pages\/16463\/revisions"}],"predecessor-version":[{"id":16464,"href":"https:\/\/mertz.travel\/de\/wp-json\/wp\/v2\/pages\/16463\/revisions\/16464"}],"wp:attachment":[{"href":"https:\/\/mertz.travel\/de\/wp-json\/wp\/v2\/media?parent=16463"}],"curies":[{"name":"wp","href":"https:\/\/api.w.org\/{rel}","templated":true}]}}