{"id":14439,"date":"2021-11-05T19:54:06","date_gmt":"2021-11-05T19:54:06","guid":{"rendered":"https:\/\/mertz.travel\/hotels\/"},"modified":"2025-01-07T13:29:22","modified_gmt":"2025-01-07T13:29:22","slug":"hotels","status":"publish","type":"page","link":"https:\/\/mertz.travel\/en\/hotels\/","title":{"rendered":"Hotels"},"content":{"rendered":"\t\t<div data-elementor-type=\"wp-page\" data-elementor-id=\"14439\" class=\"elementor elementor-14439 elementor-7879\" data-elementor-post-type=\"page\">\n\t\t\t\t\t\t<section class=\"elementor-section elementor-top-section elementor-element elementor-element-3c851a83 elementor-section-boxed elementor-section-height-default elementor-section-height-default\" data-id=\"3c851a83\" data-element_type=\"section\" data-e-type=\"section\">\n\t\t\t\t\t\t<div class=\"elementor-container elementor-column-gap-custom\">\n\t\t\t\t\t<div class=\"elementor-column elementor-col-66 elementor-top-column elementor-element elementor-element-15deff7f\" data-id=\"15deff7f\" data-element_type=\"column\" data-e-type=\"column\">\n\t\t\t<div class=\"elementor-widget-wrap elementor-element-populated\">\n\t\t\t\t\t\t<div class=\"elementor-element elementor-element-60d64263 elementor-position-inline-start elementor-view-default elementor-mobile-position-block-start elementor-widget elementor-widget-icon-box\" data-id=\"60d64263\" data-element_type=\"widget\" data-e-type=\"widget\" data-widget_type=\"icon-box.default\">\n\t\t\t\t<div class=\"elementor-widget-container\">\n\t\t\t\t\t\t\t<div class=\"elementor-icon-box-wrapper\">\n\n\t\t\t\t\t\t<div class=\"elementor-icon-box-icon\">\n\t\t\t\t<a href=\"https:\/\/mertz.travel\/home-szkic\/?lang=en\" class=\"elementor-icon\" tabindex=\"-1\" aria-label=\"Back\">\n\t\t\t\t<i aria-hidden=\"true\" class=\"triply-icon- triply-icon-long-arrow-left\"><\/i>\t\t\t\t<\/a>\n\t\t\t<\/div>\n\t\t\t\n\t\t\t\t\t\t<div class=\"elementor-icon-box-content\">\n\n\t\t\t\t\t\t\t\t\t<h3 class=\"elementor-icon-box-title\">\n\t\t\t\t\t\t<a href=\"https:\/\/mertz.travel\/home-szkic\/?lang=en\" >\n\t\t\t\t\t\t\tBack\t\t\t\t\t\t<\/a>\n\t\t\t\t\t<\/h3>\n\t\t\t\t\n\t\t\t\t\n\t\t\t<\/div>\n\t\t\t\n\t\t<\/div>\n\t\t\t\t\t\t<\/div>\n\t\t\t\t<\/div>\n\t\t\t\t\t<\/div>\n\t\t<\/div>\n\t\t\t\t<div class=\"elementor-column elementor-col-33 elementor-top-column elementor-element elementor-element-3c088f66\" data-id=\"3c088f66\" data-element_type=\"column\" data-e-type=\"column\">\n\t\t\t<div class=\"elementor-widget-wrap\">\n\t\t\t\t\t\t\t<\/div>\n\t\t<\/div>\n\t\t\t\t\t<\/div>\n\t\t<\/section>\n\t\t\t\t<section class=\"elementor-section elementor-top-section elementor-element elementor-element-6fc01736 elementor-section-boxed elementor-section-height-default elementor-section-height-default\" data-id=\"6fc01736\" data-element_type=\"section\" data-e-type=\"section\">\n\t\t\t\t\t\t<div class=\"elementor-container elementor-column-gap-custom\">\n\t\t\t\t\t<div class=\"elementor-column elementor-col-66 elementor-top-column elementor-element elementor-element-627b1e95\" data-id=\"627b1e95\" data-element_type=\"column\" data-e-type=\"column\">\n\t\t\t<div class=\"elementor-widget-wrap elementor-element-populated\">\n\t\t\t\t\t\t<div class=\"elementor-element elementor-element-6ac8c058 elementor-widget elementor-widget-heading\" data-id=\"6ac8c058\" data-element_type=\"widget\" data-e-type=\"widget\" data-widget_type=\"heading.default\">\n\t\t\t\t<div class=\"elementor-widget-container\">\n\t\t\t\t\t<h1 class=\"elementor-heading-title elementor-size-default\">The best hotels in Krakow<\/h1>\t\t\t\t<\/div>\n\t\t\t\t<\/div>\n\t\t\t\t<div class=\"elementor-element elementor-element-2dcc0578 elementor-widget-divider--view-line elementor-widget elementor-widget-divider\" data-id=\"2dcc0578\" data-element_type=\"widget\" data-e-type=\"widget\" data-widget_type=\"divider.default\">\n\t\t\t\t<div class=\"elementor-widget-container\">\n\t\t\t\t\t\t\t<div class=\"elementor-divider\">\n\t\t\t<span class=\"elementor-divider-separator\">\n\t\t\t\t\t\t<\/span>\n\t\t<\/div>\n\t\t\t\t\t\t<\/div>\n\t\t\t\t<\/div>\n\t\t\t\t<div class=\"elementor-element elementor-element-543baf59 elementor-widget elementor-widget-text-editor\" data-id=\"543baf59\" data-element_type=\"widget\" data-e-type=\"widget\" data-widget_type=\"text-editor.default\">\n\t\t\t\t<div class=\"elementor-widget-container\">\n\t\t\t\t\t\t\t\t\t<p><span style=\"font-weight: 400;\">The best boutique and chain luxury hotels in Krakow. In each we have selected the most beautiful rooms and suites. This will be royal rest on a world class level. <\/span><\/p>\n\t\t\t\t\t\t\t\t<\/div>\n\t\t\t\t<\/div>\n\t\t\t\t\t<\/div>\n\t\t<\/div>\n\t\t\t\t<div class=\"elementor-column elementor-col-33 elementor-top-column elementor-element elementor-element-3b116841\" data-id=\"3b116841\" data-element_type=\"column\" data-e-type=\"column\">\n\t\t\t<div class=\"elementor-widget-wrap\">\n\t\t\t\t\t\t\t<\/div>\n\t\t<\/div>\n\t\t\t\t\t<\/div>\n\t\t<\/section>\n\t\t\t\t<section class=\"elementor-section elementor-top-section elementor-element elementor-element-61f383d6 elementor-section-boxed elementor-section-height-default elementor-section-height-default\" data-id=\"61f383d6\" data-element_type=\"section\" data-e-type=\"section\">\n\t\t\t\t\t\t<div class=\"elementor-container elementor-column-gap-no\">\n\t\t\t\t\t<div class=\"elementor-column elementor-col-33 elementor-top-column elementor-element elementor-element-1568286c\" data-id=\"1568286c\" data-element_type=\"column\" data-e-type=\"column\">\n\t\t\t<div class=\"elementor-widget-wrap elementor-element-populated\">\n\t\t\t\t\t\t<section class=\"elementor-section elementor-inner-section elementor-element elementor-element-9436e13 elementor-section-height-min-height elementor-section-boxed elementor-section-height-default\" data-id=\"9436e13\" data-element_type=\"section\" data-e-type=\"section\" data-settings=\"{&quot;background_background&quot;:&quot;classic&quot;}\">\n\t\t\t\t\t\t\t<div class=\"elementor-background-overlay\"><\/div>\n\t\t\t\t\t\t\t<div class=\"elementor-container elementor-column-gap-default\">\n\t\t\t\t\t<div class=\"make-column-clickable-elementor elementor-column elementor-col-100 elementor-inner-column elementor-element elementor-element-4c6e50d\" style=\"cursor: pointer;\" data-column-clickable=\"https:\/\/mertz.travel\/hotel-bachleda\" data-column-clickable-blank=\"_self\" data-id=\"4c6e50d\" data-element_type=\"column\" data-e-type=\"column\">\n\t\t\t<div class=\"elementor-widget-wrap elementor-element-populated\">\n\t\t\t\t\t<div class=\"elementor-background-overlay\"><\/div>\n\t\t\t\t\t\t<div class=\"elementor-element elementor-element-7236055 elementor-widget elementor-widget-heading\" data-id=\"7236055\" data-element_type=\"widget\" data-e-type=\"widget\" data-widget_type=\"heading.default\">\n\t\t\t\t<div class=\"elementor-widget-container\">\n\t\t\t\t\t<p class=\"elementor-heading-title elementor-size-default\"> Bachleda Luxury Hotel<\/p>\t\t\t\t<\/div>\n\t\t\t\t<\/div>\n\t\t\t\t<div class=\"elementor-element elementor-element-c5253ff elementor-widget elementor-widget-text-editor\" data-id=\"c5253ff\" data-element_type=\"widget\" data-e-type=\"widget\" data-widget_type=\"text-editor.default\">\n\t\t\t\t<div class=\"elementor-widget-container\">\n\t\t\t\t\t\t\t\t\t<div class=\"details_hidden\">\n<div class=\"info-details\">\n<p><strong>One of the most luxurious hotels on the map of Krakow, located just a few minutes walk from the Main Square.<\/strong><\/p>\n<\/div>\n<div id=\"container\"><a class=\"button-more_info\" href=\"https:\/\/mertz.travel\/en\/hotel-bachleda\/\" data-wp-editing=\"1\"><img decoding=\"async\" class=\"alignnone wp-image-7619\" role=\"img\" src=\"https:\/\/mertz.travel\/wp-content\/uploads\/2021\/05\/oko_ikonka.svg\" alt=\"\" width=\"25\" height=\"15\">See details<\/a><\/div>\n<\/div>\n\t\t\t\t\t\t\t\t<\/div>\n\t\t\t\t<\/div>\n\t\t\t\t\t<\/div>\n\t\t<\/div>\n\t\t\t\t\t<\/div>\n\t\t<\/section>\n\t\t\t\t\t<\/div>\n\t\t<\/div>\n\t\t\t\t<div class=\"elementor-column elementor-col-33 elementor-top-column elementor-element elementor-element-7a52b0c\" data-id=\"7a52b0c\" data-element_type=\"column\" data-e-type=\"column\">\n\t\t\t<div class=\"elementor-widget-wrap elementor-element-populated\">\n\t\t\t\t\t\t<section class=\"elementor-section elementor-inner-section elementor-element elementor-element-0ac1927 elementor-section-height-min-height elementor-section-boxed elementor-section-height-default\" data-id=\"0ac1927\" data-element_type=\"section\" data-e-type=\"section\" data-settings=\"{&quot;background_background&quot;:&quot;classic&quot;}\">\n\t\t\t\t\t\t\t<div class=\"elementor-background-overlay\"><\/div>\n\t\t\t\t\t\t\t<div class=\"elementor-container elementor-column-gap-default\">\n\t\t\t\t\t<div class=\"make-column-clickable-elementor elementor-column elementor-col-100 elementor-inner-column elementor-element elementor-element-df4dbd9\" style=\"cursor: pointer;\" data-column-clickable=\"https:\/\/mertz.travel\/hotel-stary\/\" data-column-clickable-blank=\"_self\" data-id=\"df4dbd9\" data-element_type=\"column\" data-e-type=\"column\">\n\t\t\t<div class=\"elementor-widget-wrap elementor-element-populated\">\n\t\t\t\t\t<div class=\"elementor-background-overlay\"><\/div>\n\t\t\t\t\t\t<div class=\"elementor-element elementor-element-aa28a8f elementor-widget elementor-widget-heading\" data-id=\"aa28a8f\" data-element_type=\"widget\" data-e-type=\"widget\" data-widget_type=\"heading.default\">\n\t\t\t\t<div class=\"elementor-widget-container\">\n\t\t\t\t\t<p class=\"elementor-heading-title elementor-size-default\">Stary Hotel<\/p>\t\t\t\t<\/div>\n\t\t\t\t<\/div>\n\t\t\t\t<div class=\"elementor-element elementor-element-a22135a elementor-widget elementor-widget-text-editor\" data-id=\"a22135a\" data-element_type=\"widget\" data-e-type=\"widget\" data-widget_type=\"text-editor.default\">\n\t\t\t\t<div class=\"elementor-widget-container\">\n\t\t\t\t\t\t\t\t\t<div class=\"details_hidden\">\n<div class=\"info-details\">\n\n<strong>W zachwycaj\u0105cym atmosfer\u0105, elegancj\u0105 i stylem budynku tradycja idealnie wsp\u00f3\u0142gra z nowoczesno\u015bci\u0105.<\/strong>\n\n<\/div>\n<div id=\"container\"><a class=\"button-more_info\" href=\"https:\/\/mertz.travel\/en\/hotel-stary\/\"><img decoding=\"async\" class=\"alignnone wp-image-7619\" role=\"img\" src=\"https:\/\/mertz.travel\/wp-content\/uploads\/2021\/05\/oko_ikonka.svg\" alt=\"\" width=\"25\" height=\"15\">See details<\/a><\/div>\n<\/div>\t\t\t\t\t\t\t\t<\/div>\n\t\t\t\t<\/div>\n\t\t\t\t\t<\/div>\n\t\t<\/div>\n\t\t\t\t\t<\/div>\n\t\t<\/section>\n\t\t\t\t\t<\/div>\n\t\t<\/div>\n\t\t\t\t<div class=\"elementor-column elementor-col-33 elementor-top-column elementor-element elementor-element-bca775a\" data-id=\"bca775a\" data-element_type=\"column\" data-e-type=\"column\">\n\t\t\t<div class=\"elementor-widget-wrap elementor-element-populated\">\n\t\t\t\t\t\t<section class=\"elementor-section elementor-inner-section elementor-element elementor-element-5d83f6b elementor-section-height-min-height elementor-section-boxed elementor-section-height-default\" data-id=\"5d83f6b\" data-element_type=\"section\" data-e-type=\"section\" data-settings=\"{&quot;background_background&quot;:&quot;classic&quot;}\">\n\t\t\t\t\t\t\t<div class=\"elementor-background-overlay\"><\/div>\n\t\t\t\t\t\t\t<div class=\"elementor-container elementor-column-gap-default\">\n\t\t\t\t\t<div class=\"make-column-clickable-elementor elementor-column elementor-col-100 elementor-inner-column elementor-element elementor-element-96f2476\" style=\"cursor: pointer;\" data-column-clickable=\"https:\/\/mertz.travel\/hotel-unicus-palace\/\" data-column-clickable-blank=\"_self\" data-id=\"96f2476\" data-element_type=\"column\" data-e-type=\"column\">\n\t\t\t<div class=\"elementor-widget-wrap elementor-element-populated\">\n\t\t\t\t\t<div class=\"elementor-background-overlay\"><\/div>\n\t\t\t\t\t\t<div class=\"elementor-element elementor-element-30bcd1f elementor-widget elementor-widget-heading\" data-id=\"30bcd1f\" data-element_type=\"widget\" data-e-type=\"widget\" data-widget_type=\"heading.default\">\n\t\t\t\t<div class=\"elementor-widget-container\">\n\t\t\t\t\t<p class=\"elementor-heading-title elementor-size-default\">Wyndham Grand Krakow Old Town<\/p>\t\t\t\t<\/div>\n\t\t\t\t<\/div>\n\t\t\t\t<div class=\"elementor-element elementor-element-1f7fe77 elementor-widget elementor-widget-text-editor\" data-id=\"1f7fe77\" data-element_type=\"widget\" data-e-type=\"widget\" data-widget_type=\"text-editor.default\">\n\t\t\t\t<div class=\"elementor-widget-container\">\n\t\t\t\t\t\t\t\t\t<div class=\"details_hidden\">\n<div class=\"info-details\">\n\n<strong>You will be impressed by the beautiful surroundings of the Cracovian tenement houses and the unique historical character of the building.<\/strong>\n\n<\/div>\n<div id=\"container\"><a class=\"button-more_info\" href=\"https:\/\/mertz.travel\/en\/hotel-unicus-palace\/\"><img decoding=\"async\" class=\"alignnone wp-image-7619\" role=\"img\" src=\"https:\/\/mertz.travel\/wp-content\/uploads\/2021\/05\/oko_ikonka.svg\" alt=\"\" width=\"25\" height=\"15\">See details<\/a><\/div>\n<\/div>\t\t\t\t\t\t\t\t<\/div>\n\t\t\t\t<\/div>\n\t\t\t\t\t<\/div>\n\t\t<\/div>\n\t\t\t\t\t<\/div>\n\t\t<\/section>\n\t\t\t\t\t<\/div>\n\t\t<\/div>\n\t\t\t\t\t<\/div>\n\t\t<\/section>\n\t\t\t\t<section class=\"elementor-section elementor-top-section elementor-element elementor-element-c67c89d elementor-section-boxed elementor-section-height-default elementor-section-height-default\" data-id=\"c67c89d\" data-element_type=\"section\" data-e-type=\"section\">\n\t\t\t\t\t\t<div class=\"elementor-container elementor-column-gap-default\">\n\t\t\t\t\t<div class=\"elementor-column elementor-col-100 elementor-top-column elementor-element elementor-element-7549ac7\" data-id=\"7549ac7\" data-element_type=\"column\" data-e-type=\"column\">\n\t\t\t<div class=\"elementor-widget-wrap elementor-element-populated\">\n\t\t\t\t\t\t<div class=\"elementor-element elementor-element-450665e elementor-widget elementor-widget-spacer\" data-id=\"450665e\" data-element_type=\"widget\" data-e-type=\"widget\" data-widget_type=\"spacer.default\">\n\t\t\t\t<div class=\"elementor-widget-container\">\n\t\t\t\t\t\t\t<div class=\"elementor-spacer\">\n\t\t\t<div class=\"elementor-spacer-inner\"><\/div>\n\t\t<\/div>\n\t\t\t\t\t\t<\/div>\n\t\t\t\t<\/div>\n\t\t\t\t\t<\/div>\n\t\t<\/div>\n\t\t\t\t\t<\/div>\n\t\t<\/section>\n\t\t\t\t<\/div>\n\t\t","protected":false},"excerpt":{"rendered":"<p>Back The best hotels in Krakow The best boutique and chain luxury hotels in Krakow. In each we have selected the most beautiful rooms and suites. This will be royal rest on a world class level. Bachleda Luxury Hotel One of the most luxurious hotels on the map of Krakow, located just a few minutes [&hellip;]<\/p>\n","protected":false},"author":1,"featured_media":0,"parent":0,"menu_order":0,"comment_status":"closed","ping_status":"closed","template":"elementor_header_footer","meta":{"inline_featured_image":false,"footnotes":""},"class_list":["post-14439","page","type-page","status-publish","hentry"],"_links":{"self":[{"href":"https:\/\/mertz.travel\/en\/wp-json\/wp\/v2\/pages\/14439","targetHints":{"allow":["GET"]}}],"collection":[{"href":"https:\/\/mertz.travel\/en\/wp-json\/wp\/v2\/pages"}],"about":[{"href":"https:\/\/mertz.travel\/en\/wp-json\/wp\/v2\/types\/page"}],"author":[{"embeddable":true,"href":"https:\/\/mertz.travel\/en\/wp-json\/wp\/v2\/users\/1"}],"replies":[{"embeddable":true,"href":"https:\/\/mertz.travel\/en\/wp-json\/wp\/v2\/comments?post=14439"}],"version-history":[{"count":15,"href":"https:\/\/mertz.travel\/en\/wp-json\/wp\/v2\/pages\/14439\/revisions"}],"predecessor-version":[{"id":16164,"href":"https:\/\/mertz.travel\/en\/wp-json\/wp\/v2\/pages\/14439\/revisions\/16164"}],"wp:attachment":[{"href":"https:\/\/mertz.travel\/en\/wp-json\/wp\/v2\/media?parent=14439"}],"curies":[{"name":"wp","href":"https:\/\/api.w.org\/{rel}","templated":true}]}}