{"id":14852,"date":"2021-12-13T16:05:44","date_gmt":"2021-12-13T16:05:44","guid":{"rendered":"https:\/\/mertz.travel\/privacy-policy\/"},"modified":"2021-12-13T16:15:02","modified_gmt":"2021-12-13T16:15:02","slug":"privacy-policy","status":"publish","type":"page","link":"https:\/\/mertz.travel\/en\/privacy-policy\/","title":{"rendered":"Privacy Policy"},"content":{"rendered":"\t\t<div data-elementor-type=\"wp-page\" data-elementor-id=\"14852\" class=\"elementor elementor-14852 elementor-7780\" data-elementor-post-type=\"page\">\n\t\t\t\t\t\t<section class=\"elementor-section elementor-top-section elementor-element elementor-element-463b6dd8 elementor-section-boxed elementor-section-height-default elementor-section-height-default\" data-id=\"463b6dd8\" data-element_type=\"section\" data-e-type=\"section\">\n\t\t\t\t\t\t<div class=\"elementor-container elementor-column-gap-custom\">\n\t\t\t\t\t<div class=\"elementor-column elementor-col-100 elementor-top-column elementor-element elementor-element-7967b425\" data-id=\"7967b425\" data-element_type=\"column\" data-e-type=\"column\">\n\t\t\t<div class=\"elementor-widget-wrap elementor-element-populated\">\n\t\t\t\t\t\t<div class=\"elementor-element elementor-element-6eac35f3 elementor-position-inline-start elementor-view-default elementor-mobile-position-block-start elementor-widget elementor-widget-icon-box\" data-id=\"6eac35f3\" data-element_type=\"widget\" data-e-type=\"widget\" data-widget_type=\"icon-box.default\">\n\t\t\t\t<div class=\"elementor-widget-container\">\n\t\t\t\t\t\t\t<div class=\"elementor-icon-box-wrapper\">\n\n\t\t\t\t\t\t<div class=\"elementor-icon-box-icon\">\n\t\t\t\t<a href=\"https:\/\/mertz.travel\/home-szkic\/?lang=en\" class=\"elementor-icon\" tabindex=\"-1\" aria-label=\"Back\">\n\t\t\t\t<i aria-hidden=\"true\" class=\"triply-icon- triply-icon-long-arrow-left\"><\/i>\t\t\t\t<\/a>\n\t\t\t<\/div>\n\t\t\t\n\t\t\t\t\t\t<div class=\"elementor-icon-box-content\">\n\n\t\t\t\t\t\t\t\t\t<h3 class=\"elementor-icon-box-title\">\n\t\t\t\t\t\t<a href=\"https:\/\/mertz.travel\/home-szkic\/?lang=en\" >\n\t\t\t\t\t\t\tBack\t\t\t\t\t\t<\/a>\n\t\t\t\t\t<\/h3>\n\t\t\t\t\n\t\t\t\t\n\t\t\t<\/div>\n\t\t\t\n\t\t<\/div>\n\t\t\t\t\t\t<\/div>\n\t\t\t\t<\/div>\n\t\t\t\t\t<\/div>\n\t\t<\/div>\n\t\t\t\t\t<\/div>\n\t\t<\/section>\n\t\t\t\t<section class=\"elementor-section elementor-top-section elementor-element elementor-element-2739b27c elementor-section-boxed elementor-section-height-default elementor-section-height-default\" data-id=\"2739b27c\" data-element_type=\"section\" data-e-type=\"section\">\n\t\t\t\t\t\t<div class=\"elementor-container elementor-column-gap-custom\">\n\t\t\t\t\t<div class=\"elementor-column elementor-col-100 elementor-top-column elementor-element elementor-element-ed4d6f9\" data-id=\"ed4d6f9\" data-element_type=\"column\" data-e-type=\"column\">\n\t\t\t<div class=\"elementor-widget-wrap elementor-element-populated\">\n\t\t\t\t\t\t<div class=\"elementor-element elementor-element-46893df7 elementor-widget elementor-widget-heading\" data-id=\"46893df7\" data-element_type=\"widget\" data-e-type=\"widget\" data-widget_type=\"heading.default\">\n\t\t\t\t<div class=\"elementor-widget-container\">\n\t\t\t\t\t<h1 class=\"elementor-heading-title elementor-size-default\">Privacy Policy<\/h1>\t\t\t\t<\/div>\n\t\t\t\t<\/div>\n\t\t\t\t<div class=\"elementor-element elementor-element-19869326 elementor-widget-divider--view-line elementor-widget elementor-widget-divider\" data-id=\"19869326\" data-element_type=\"widget\" data-e-type=\"widget\" data-widget_type=\"divider.default\">\n\t\t\t\t<div class=\"elementor-widget-container\">\n\t\t\t\t\t\t\t<div class=\"elementor-divider\">\n\t\t\t<span class=\"elementor-divider-separator\">\n\t\t\t\t\t\t<\/span>\n\t\t<\/div>\n\t\t\t\t\t\t<\/div>\n\t\t\t\t<\/div>\n\t\t\t\t<div class=\"elementor-element elementor-element-e6cdb51 elementor-widget elementor-widget-text-editor\" data-id=\"e6cdb51\" data-element_type=\"widget\" data-e-type=\"widget\" data-widget_type=\"text-editor.default\">\n\t\t\t\t<div class=\"elementor-widget-container\">\n\t\t\t\t\t\t\t\t\t<p class=\"p1\"><span class=\"s1\"><b>1. General information<\/b><\/span><\/p>\n<ol class=\"ol1\">\n<li class=\"li2\"><span class=\"s1\">This policy applies to the Website operating under the url: mertz.travel.<b><\/b><\/span><\/li>\n<li class=\"li2\"><span class=\"s1\">The Operator of the Website and Controller of personal data is: PGH Masters Group Sp. z o. o. a company with its registered office at Rynek G\u0142\u00f3wny 28, 31-010 Krak\u00f3w.<\/span><\/li>\n<li class=\"li2\"><span class=\"s1\">Contact email address of the Operator: info@mertz.travel.<\/span><\/li>\n<li class=\"li2\"><span class=\"s1\">The Operator is the Controller of your personal data that you voluntarily provide on the Website.<\/span><\/li>\n<li class=\"li2\"><span class=\"s1\">The Website uses personal data for the following purposes:<\/span>\n<ul class=\"ul1\">\n<li class=\"li2\"><span class=\"s1\">Newsletter management<\/span><\/li>\n<li class=\"li2\"><span class=\"s1\">Conducting online chat<\/span><\/li>\n<li class=\"li2\"><span class=\"s1\">Handling of enquiries via the form<\/span><\/li>\n<li class=\"li2\"><span class=\"s1\">Provision of the services ordered<\/span><\/li>\n<li class=\"li2\"><span class=\"s1\">Presentation of an offer or information<\/span><\/li>\n<\/ul>\n<\/li>\n<\/ol>\n<ol class=\"ol1\">\n<li class=\"li2\"><span class=\"s1\">The Website performs the functions of obtaining information about users and their behaviour in the following ways:<\/span>\n<ol class=\"ol1\">\n<li class=\"li2\"><span class=\"s1\">Through the data voluntarily provided in the forms, which are entered into the Operator\u2019s systems.<\/span><\/li>\n<li class=\"li2\"><span class=\"s1\">By storing cookies on terminal devices.<\/span><\/li>\n<\/ol>\n<\/li>\n<\/ol>\n<p class=\"p1\"><span class=\"s1\"><b>2. Selected data protection methods applied by the Operator<\/b><\/span><\/p>\n<ol class=\"ol1\">\n<li class=\"li2\"><span class=\"s1\">The login and personal data entry points are protected in the transmission layer (SSL certificate). This ensures that the personal and login data entered on the Website are encrypted on your computer and can only be read on the target server.<\/span><\/li>\n<li class=\"li2\"><span class=\"s1\">The Operator periodically changes its administrative passwords.<\/span><\/li>\n<li class=\"li2\"><span class=\"s1\">The Operator makes regular backups for data protection purposes.<\/span><\/li>\n<li class=\"li2\"><span class=\"s1\">An important element of data protection is the regular updating of all software used by the Operator to process personal data, which in particular means regular updates of programming components.<\/span><\/li>\n<\/ol>\n<p class=\"p1\"><span class=\"s1\"><b>3. Hosting<\/b><\/span><\/p>\n<ol class=\"ol1\">\n<li class=\"li2\"><span class=\"s1\">The Website is hosted (technically maintained) on the server of the Operator: cyberFolks.pl<\/span><\/li>\n<\/ol>\n<p class=\"p1\"><span class=\"s1\"><b>4. Your rights and additional information on how we use your data<\/b><\/span><\/p>\n<ol class=\"ol1\">\n<li class=\"li2\"><span class=\"s1\">In certain situations, the Controller has the right to transfer your personal data to other recipients if this is necessary for the performance of a contract concluded with you or for the fulfilment of obligations incumbent on the Controller. This applies to the following groups of recipients:<\/span>\n<ul class=\"ul1\">\n<li class=\"li2\"><span class=\"s1\">hosting company on the basis of a processing agreement<\/span><\/li>\n<li class=\"li2\"><span class=\"s1\">postal operators<\/span><\/li>\n<li class=\"li2\"><span class=\"s1\">operators of online chat solutions<\/span><\/li>\n<li class=\"li2\"><span class=\"s1\">authorised employees and associates who use the data to fulfil the purpose of the Website<\/span><\/li>\n<li class=\"li2\"><span class=\"s1\">companies providing marketing services to the Controller<\/span><\/li>\n<li class=\"li2\"><span class=\"s1\">contractors providing services to the Controller\u2019s customers <\/span><\/li>\n<\/ul>\n<\/li>\n<\/ol>\n<ol class=\"ol1\">\n<li class=\"li2\"><span class=\"s1\">Your personal data will be processed by the Controller for no longer than it is necessary for the performance of the related activities defined by separate regulations (e.g. on accounting). With regard to marketing data, data will not be processed for longer than 3 years.<\/span><\/li>\n<li class=\"li2\"><span class=\"s1\">You have the right to request from the Controller:<\/span><\/li>\n<\/ol>\n<ol class=\"ol1\">\n<li style=\"list-style-type: none;\">\n<ul class=\"ul1\">\n<li class=\"li2\"><span class=\"s1\">access to your personal data,<\/span><\/li>\n<li class=\"li2\"><span class=\"s1\">rectification of your personal data,<\/span><\/li>\n<li class=\"li2\"><span class=\"s1\">deletion of your personal data,<\/span><\/li>\n<li class=\"li2\"><span class=\"s1\">restriction of processing of your personal data,<\/span><\/li>\n<li class=\"li2\"><span class=\"s1\">transfer of your personal data.<\/span><\/li>\n<\/ul>\n<\/li>\n<\/ol>\n<ol class=\"ol1\">\n<li class=\"li2\"><span class=\"s1\">You have the right to object, with regard to the processing indicated under 3.3 c), to the processing of personal data for the purposes of pursuing the legitimate interests pursued by the Controller, including profiling, whereby the right to object will not be exercisable where there are valid legitimate grounds for the processing which override your interests, rights and freedoms, in particular the establishment, assertion or defence of claims.<\/span><\/li>\n<li class=\"li2\"><span class=\"s1\">The Controller\u2019s actions may be complained about to the President of the Office for Personal Data Protection, ul. Stawki 2, 00-193 Warszawa.<\/span><\/li>\n<li class=\"li2\"><span class=\"s1\">The provision of personal data is voluntary, but it is necessary for the operation of the Website.<\/span><\/li>\n<li class=\"li2\"><span class=\"s1\">Activities involving automated decision-making, including profiling, may be undertaken in relation to you for the purpose of providing services under a contract concluded and for the purpose of direct marketing by the Controller.<\/span><\/li>\n<li class=\"li2\"><span class=\"s1\">Personal data is not transferred to third countries within the meaning of data protection legislation. This means that we do not send them outside the European Union. \u201cPersistent cookies\u201d are stored on your terminal device for the time specified in the parameters of the cookies or until you delete them.<\/span><\/li>\n<\/ol>\n<p class=\"p1\"><span class=\"s1\"><b>5. Information in forms<\/b><\/span><\/p>\n<ol class=\"ol1\">\n<li class=\"li2\"><span class=\"s1\">The Website collects information you provide voluntarily, including personal data if any is provided.<\/span><\/li>\n<li class=\"li2\"><span class=\"s1\">The Website can record information about the connection parameters (time stamp, IP address).<\/span><\/li>\n<li class=\"li2\"><span class=\"s1\">The Website may, in some cases, record information to help link the data in the form with the email address of the user completing the form. In such case, your email address appears inside the url of the page containing the form. In such case, your email address appears inside the url of the page containing the form.<\/span><\/li>\n<li class=\"li2\"><span class=\"s1\">Data provided in the form are processed for the purpose resulting from the function of a particular form, e.g. for the purpose of processing a service request or business contact, service registration, etc. Each time the context and description of a form informs in a clear way what it is used for.<\/span><\/li>\n<\/ol>\n<p class=\"p1\"><span class=\"s1\"><b>6. Controller\u2019s logs<\/b><\/span><\/p>\n<ol class=\"ol1\">\n<li class=\"li2\"><span class=\"s1\">Information on your behaviour on the Website may be subject to logging. This data is used for the administration of the Website.<\/span><\/li>\n<\/ol>\n<p class=\"p1\"><span class=\"s1\"><b>7. Essential marketing techniques<\/b><\/span><\/p>\n<ol class=\"ol1\">\n<li class=\"li2\"><span class=\"s1\">The Operator uses statistical analysis of the website traffic via Google Analytics (Google Inc. based in the USA). The Operator does not transmit personal data to the operator of this service, only anonymised information are transmitted. The service is based on the use of cookies on your terminal device. With regard to information on your preferences collected by Google\u2019s advertising network, you can view and edit the information resulting from the cookies using the following tool: https:\/\/www.google.com\/ads\/preferences\/<\/span><\/li>\n<li class=\"li2\"><span class=\"s1\">The Operator uses remarketing techniques to match advertising messages with your behaviour on the Website, which may give the illusion that your personal data is being used to track you, but in practice no personal data is transferred from the Operator to advertising operators. A technological prerequisite for this is that cookies are enabled.<\/span><\/li>\n<li class=\"li2\"><span class=\"s1\">The Operator uses the Facebook pixel. This technology means that Facebook (Facebook Inc., USA) knows that a person registered with it is using the Website. In this case, Facebook uses data for which it is the controller. The service is based on the use of cookies on your terminal device.<\/span><\/li>\n<li class=\"li2\"><span class=\"s1\">The Operator uses a solution to study user behaviour by creating heat maps and recording behaviour on the Website. This information is anonymised before it is sent to the service provider so that they do not know which individual it relates to. In particular, passwords typed and other personal data are not recorded.<\/span><\/li>\n<li class=\"li2\"><span class=\"s1\">The Operator uses a solution that automates the operation of the Website with respect to users, e.g. it may send an email to you after you have visited a particular page, provided that you have consented to receive commercial correspondence from the Operator.<\/span><\/li>\n<\/ol>\n<p class=\"p1\"><span class=\"s1\"><b>8. Information on cookies<\/b><\/span><\/p>\n<ol class=\"ol1\">\n<li class=\"li2\"><span class=\"s1\">The website uses cookies.<\/span><\/li>\n<li class=\"li2\"><span class=\"s1\">Cookies are computer data, in particular text files, which are stored on your terminal device and allow you to use the pages of the Website. Cookies usually contain the name of the website from which they originate, the duration of their storage on the terminal device, and a unique number.<\/span><\/li>\n<li class=\"li2\"><span class=\"s1\">The entity that places cookies on your terminal device and that has access to those files is the operator of the Website.<\/span><\/li>\n<li class=\"li2\"><span class=\"s1\">Cookies are used for:<\/span>\n<ol class=\"ol1\">\n<li class=\"li2\"><span class=\"s1\">maintaining a session for the Website user (after logging in), thanks to which you do not have to re-enter your login and password on each page of the Website;<\/span><\/li>\n<li class=\"li2\"><span class=\"s1\">achieving the objectives set out above under \u201cEssential marketing techniques\u201d;<\/span><\/li>\n<\/ol>\n<\/li>\n<li class=\"li2\"><span class=\"s1\">The Website uses two types of cookies: \u201csession cookies\u201d and \u201cpersistent cookies\u201d. \u201cSession cookies\u201d are temporary files that are stored on your terminal device until you log off, leave the website or turn off the software (web browser). \u201cPersistent cookies\u201d are stored on your terminal device for the time specified in the parameters of the cookies or until you delete them.<\/span><\/li>\n<li class=\"li2\"><span class=\"s1\">sually the software used for browsing websites (web browser) allows cookies to be stored on your end device by default. You can change your settings in this respect. Your web browser allows you to delete cookies. It is also possible to automatically block cookies. Please refer to your browser\u2019s help or documentation for details.<\/span><\/li>\n<li class=\"li2\"><span class=\"s1\">Applicable restrictions on the use of cookies may affect certain functionalities available on the Website.<\/span><\/li>\n<li class=\"li2\"><span class=\"s1\">Cookies stored on your terminal device may also be used by entities cooperating with the operator of the Website. In particular, this applies to the following companies: Google (Google Inc. based in the USA), Facebook (Facebook Inc. based in the USA), Twitter (Twitter Inc. based in the USA).<\/span><\/li>\n<\/ol>\n<p class=\"p1\"><span class=\"s1\"><b>9. Managing cookies \u2013 how to give and withdraw consent?<\/b><\/span><\/p>\n<ol class=\"ol1\">\n<li class=\"li2\"><span class=\"s1\">If you do not wish to receive cookies, you can change your browser settings. Please note that disabling cookies that are essential for authentication, security and maintaining user preferences can make it difficult, and in extreme cases impossible, to use websites.<\/span><\/li>\n<li class=\"li2\"><span class=\"s1\">To manage your cookie settings, select your web browser from the list below and follow the instructions:<\/span>\n<ul class=\"ul1\">\n<li class=\"li3\"><span class=\"s3\"><a href=\"https:\/\/support.microsoft.com\/pl-pl\/help\/10607\/microsoft-edge-view-delete-browser-history\"><span class=\"s4\">Edge<\/span><\/a><\/span><\/li>\n<li class=\"li3\"><span class=\"s3\"><a href=\"https:\/\/support.microsoft.com\/pl-pl\/help\/278835\/how-to-delete-cookie-files-in-internet-explorer\"><span class=\"s4\">Internet Explorer<\/span><\/a><\/span><\/li>\n<li class=\"li3\"><span class=\"s3\"><a href=\"http:\/\/support.google.com\/chrome\/bin\/answer.py?hl=pl&amp;answer=95647\"><span class=\"s4\">Chrome<\/span><\/a><\/span><\/li>\n<li class=\"li3\"><span class=\"s3\"><a href=\"http:\/\/support.apple.com\/kb\/PH5042\"><span class=\"s4\">Safari<\/span><\/a><\/span><\/li>\n<li class=\"li3\"><span class=\"s3\"><a href=\"http:\/\/support.mozilla.org\/pl\/kb\/W%25C5%2582%25C4%2585czanie%2520i%2520wy%25C5%2582%25C4%2585czanie%2520obs%25C5%2582ugi%2520ciasteczek\"><span class=\"s4\">Firefox<\/span><\/a><\/span><\/li>\n<li class=\"li3\"><span class=\"s3\"><a href=\"http:\/\/help.opera.com\/Windows\/12.10\/pl\/cookies.html\"><span class=\"s4\">Opera<\/span><\/a><\/span><\/li>\n<\/ul>\n<\/li>\n<\/ol>\n<p class=\"p4\"><span class=\"s1\">Mobile devices:<\/span><\/p>\n<ol class=\"ol1\">\n<li style=\"list-style-type: none;\">\n<ul class=\"ul1\">\n<li class=\"li3\"><span class=\"s3\"><a href=\"http:\/\/support.google.com\/chrome\/bin\/answer.py?hl=pl&amp;answer=95647\"><span class=\"s4\">Android<\/span><\/a><\/span><\/li>\n<li class=\"li3\"><span class=\"s3\"><a href=\"http:\/\/support.apple.com\/kb\/HT1677?viewlocale=pl_PL\"><span class=\"s4\">Safari (iOS)<\/span><\/a><\/span><\/li>\n<li class=\"li3\"><span class=\"s3\"><a href=\"http:\/\/www.windowsphone.com\/pl-pl\/how-to\/wp7\/web\/changing-privacy-and-other-browser-settings\"><span class=\"s4\">Windows Phone<\/span><\/a><\/span><\/li>\n<\/ul>\n<\/li>\n<\/ol>\n\t\t\t\t\t\t\t\t<\/div>\n\t\t\t\t<\/div>\n\t\t\t\t\t<\/div>\n\t\t<\/div>\n\t\t\t\t\t<\/div>\n\t\t<\/section>\n\t\t\t\t<\/div>\n\t\t","protected":false},"excerpt":{"rendered":"<p>Back Privacy Policy 1. General information This policy applies to the Website operating under the url: mertz.travel. The Operator of the Website and Controller of personal data is: PGH Masters Group Sp. z o. o. a company with its registered office at Rynek G\u0142\u00f3wny 28, 31-010 Krak\u00f3w. Contact email address of the Operator: info@mertz.travel. The [&hellip;]<\/p>\n","protected":false},"author":1,"featured_media":0,"parent":0,"menu_order":0,"comment_status":"closed","ping_status":"closed","template":"elementor_header_footer","meta":{"inline_featured_image":false,"footnotes":""},"class_list":["post-14852","page","type-page","status-publish","hentry"],"_links":{"self":[{"href":"https:\/\/mertz.travel\/en\/wp-json\/wp\/v2\/pages\/14852","targetHints":{"allow":["GET"]}}],"collection":[{"href":"https:\/\/mertz.travel\/en\/wp-json\/wp\/v2\/pages"}],"about":[{"href":"https:\/\/mertz.travel\/en\/wp-json\/wp\/v2\/types\/page"}],"author":[{"embeddable":true,"href":"https:\/\/mertz.travel\/en\/wp-json\/wp\/v2\/users\/1"}],"replies":[{"embeddable":true,"href":"https:\/\/mertz.travel\/en\/wp-json\/wp\/v2\/comments?post=14852"}],"version-history":[{"count":9,"href":"https:\/\/mertz.travel\/en\/wp-json\/wp\/v2\/pages\/14852\/revisions"}],"predecessor-version":[{"id":14861,"href":"https:\/\/mertz.travel\/en\/wp-json\/wp\/v2\/pages\/14852\/revisions\/14861"}],"wp:attachment":[{"href":"https:\/\/mertz.travel\/en\/wp-json\/wp\/v2\/media?parent=14852"}],"curies":[{"name":"wp","href":"https:\/\/api.w.org\/{rel}","templated":true}]}}