{"id":7793,"date":"2021-05-06T19:37:15","date_gmt":"2021-05-06T19:37:15","guid":{"rendered":"https:\/\/mertz.travel\/?page_id=7793"},"modified":"2021-10-30T14:52:29","modified_gmt":"2021-10-30T14:52:29","slug":"loty-i-wycieczki-helikopterem","status":"publish","type":"page","link":"https:\/\/mertz.travel\/pl\/loty-i-wycieczki-helikopterem\/","title":{"rendered":"Loty i wycieczki helikopterem"},"content":{"rendered":"\t\t<div data-elementor-type=\"wp-page\" data-elementor-id=\"7793\" class=\"elementor elementor-7793\" data-elementor-post-type=\"page\">\n\t\t\t\t\t\t<section class=\"elementor-section elementor-top-section elementor-element elementor-element-3604724e elementor-section-boxed elementor-section-height-default elementor-section-height-default\" data-id=\"3604724e\" data-element_type=\"section\" data-e-type=\"section\">\n\t\t\t\t\t\t<div class=\"elementor-container elementor-column-gap-custom\">\n\t\t\t\t\t<div class=\"elementor-column elementor-col-66 elementor-top-column elementor-element elementor-element-a5f883f\" data-id=\"a5f883f\" data-element_type=\"column\" data-e-type=\"column\">\n\t\t\t<div class=\"elementor-widget-wrap elementor-element-populated\">\n\t\t\t\t\t\t<div class=\"elementor-element elementor-element-a13be70 elementor-position-inline-start elementor-view-default elementor-mobile-position-block-start elementor-widget elementor-widget-icon-box\" data-id=\"a13be70\" data-element_type=\"widget\" data-e-type=\"widget\" data-widget_type=\"icon-box.default\">\n\t\t\t\t<div class=\"elementor-widget-container\">\n\t\t\t\t\t\t\t<div class=\"elementor-icon-box-wrapper\">\n\n\t\t\t\t\t\t<div class=\"elementor-icon-box-icon\">\n\t\t\t\t<a href=\"https:\/\/mertz.travel\/strona-glowna-szkic\/\" class=\"elementor-icon\" tabindex=\"-1\" aria-label=\"WSTECZ\">\n\t\t\t\t<i aria-hidden=\"true\" class=\"triply-icon- triply-icon-long-arrow-left\"><\/i>\t\t\t\t<\/a>\n\t\t\t<\/div>\n\t\t\t\n\t\t\t\t\t\t<div class=\"elementor-icon-box-content\">\n\n\t\t\t\t\t\t\t\t\t<h3 class=\"elementor-icon-box-title\">\n\t\t\t\t\t\t<a href=\"https:\/\/mertz.travel\/strona-glowna-szkic\/\" >\n\t\t\t\t\t\t\tWSTECZ\t\t\t\t\t\t<\/a>\n\t\t\t\t\t<\/h3>\n\t\t\t\t\n\t\t\t\t\n\t\t\t<\/div>\n\t\t\t\n\t\t<\/div>\n\t\t\t\t\t\t<\/div>\n\t\t\t\t<\/div>\n\t\t\t\t\t<\/div>\n\t\t<\/div>\n\t\t\t\t<div class=\"elementor-column elementor-col-33 elementor-top-column elementor-element elementor-element-0968ca9\" data-id=\"0968ca9\" data-element_type=\"column\" data-e-type=\"column\">\n\t\t\t<div class=\"elementor-widget-wrap\">\n\t\t\t\t\t\t\t<\/div>\n\t\t<\/div>\n\t\t\t\t\t<\/div>\n\t\t<\/section>\n\t\t\t\t<section class=\"elementor-section elementor-top-section elementor-element elementor-element-f907101 elementor-section-boxed elementor-section-height-default elementor-section-height-default\" data-id=\"f907101\" data-element_type=\"section\" data-e-type=\"section\">\n\t\t\t\t\t\t<div class=\"elementor-container elementor-column-gap-custom\">\n\t\t\t\t\t<div class=\"elementor-column elementor-col-66 elementor-top-column elementor-element elementor-element-ba084a6\" data-id=\"ba084a6\" data-element_type=\"column\" data-e-type=\"column\">\n\t\t\t<div class=\"elementor-widget-wrap elementor-element-populated\">\n\t\t\t\t\t\t<div class=\"elementor-element elementor-element-68312e5 elementor-widget elementor-widget-heading\" data-id=\"68312e5\" data-element_type=\"widget\" data-e-type=\"widget\" data-widget_type=\"heading.default\">\n\t\t\t\t<div class=\"elementor-widget-container\">\n\t\t\t\t\t<h1 class=\"elementor-heading-title elementor-size-default\">Loty i wycieczki helikopterem<\/h1>\t\t\t\t<\/div>\n\t\t\t\t<\/div>\n\t\t\t\t<div class=\"elementor-element elementor-element-1a7da39 elementor-widget-divider--view-line elementor-widget elementor-widget-divider\" data-id=\"1a7da39\" data-element_type=\"widget\" data-e-type=\"widget\" data-widget_type=\"divider.default\">\n\t\t\t\t<div class=\"elementor-widget-container\">\n\t\t\t\t\t\t\t<div class=\"elementor-divider\">\n\t\t\t<span class=\"elementor-divider-separator\">\n\t\t\t\t\t\t<\/span>\n\t\t<\/div>\n\t\t\t\t\t\t<\/div>\n\t\t\t\t<\/div>\n\t\t\t\t<div class=\"elementor-element elementor-element-6bc4423 elementor-widget elementor-widget-text-editor\" data-id=\"6bc4423\" data-element_type=\"widget\" data-e-type=\"widget\" data-widget_type=\"text-editor.default\">\n\t\t\t\t<div class=\"elementor-widget-container\">\n\t\t\t\t\t\t\t\t\t<p><span style=\"font-weight: 400;\">Powietrzna taks\u00f3wka i loty widokowe po\u0142\u0105czone ze standardowym zwiedzaniem. To nowa jako\u015b\u0107 w krakowskiej turystyce. Ogromne emocje i wspania\u0142e widoki gwarantowane. \u00a0 <\/span><\/p>\t\t\t\t\t\t\t\t<\/div>\n\t\t\t\t<\/div>\n\t\t\t\t\t<\/div>\n\t\t<\/div>\n\t\t\t\t<div class=\"elementor-column elementor-col-33 elementor-top-column elementor-element elementor-element-6837103\" data-id=\"6837103\" data-element_type=\"column\" data-e-type=\"column\">\n\t\t\t<div class=\"elementor-widget-wrap\">\n\t\t\t\t\t\t\t<\/div>\n\t\t<\/div>\n\t\t\t\t\t<\/div>\n\t\t<\/section>\n\t\t\t\t<section class=\"elementor-section elementor-top-section elementor-element elementor-element-50b5080b elementor-section-boxed elementor-section-height-default elementor-section-height-default\" data-id=\"50b5080b\" data-element_type=\"section\" data-e-type=\"section\">\n\t\t\t\t\t\t<div class=\"elementor-container elementor-column-gap-no\">\n\t\t\t\t\t<div class=\"elementor-column elementor-col-33 elementor-top-column elementor-element elementor-element-5816132b\" data-id=\"5816132b\" data-element_type=\"column\" data-e-type=\"column\">\n\t\t\t<div class=\"elementor-widget-wrap elementor-element-populated\">\n\t\t\t\t\t\t<section class=\"elementor-section elementor-inner-section elementor-element elementor-element-6614e94 elementor-section-height-min-height elementor-section-boxed elementor-section-height-default\" data-id=\"6614e94\" data-element_type=\"section\" data-e-type=\"section\" data-settings=\"{&quot;background_background&quot;:&quot;classic&quot;}\">\n\t\t\t\t\t\t\t<div class=\"elementor-background-overlay\"><\/div>\n\t\t\t\t\t\t\t<div class=\"elementor-container elementor-column-gap-default\">\n\t\t\t\t\t<div class=\"make-column-clickable-elementor elementor-column elementor-col-100 elementor-inner-column elementor-element elementor-element-45da7ca\" style=\"cursor: pointer;\" data-column-clickable=\"https:\/\/mertz.travel\/loty\" data-column-clickable-blank=\"_self\" data-id=\"45da7ca\" data-element_type=\"column\" data-e-type=\"column\">\n\t\t\t<div class=\"elementor-widget-wrap elementor-element-populated\">\n\t\t\t\t\t\t<div class=\"elementor-element elementor-element-0c45525 elementor-widget elementor-widget-heading\" data-id=\"0c45525\" data-element_type=\"widget\" data-e-type=\"widget\" data-widget_type=\"heading.default\">\n\t\t\t\t<div class=\"elementor-widget-container\">\n\t\t\t\t\t<p class=\"elementor-heading-title elementor-size-default\">Transfery<\/p>\t\t\t\t<\/div>\n\t\t\t\t<\/div>\n\t\t\t\t<div class=\"elementor-element elementor-element-73a5b47 elementor-widget elementor-widget-text-editor\" data-id=\"73a5b47\" data-element_type=\"widget\" data-e-type=\"widget\" data-widget_type=\"text-editor.default\">\n\t\t\t\t<div class=\"elementor-widget-container\">\n\t\t\t\t\t\t\t\t\t<div class=\"details_hidden\">\n<div class=\"info-details\">\n\n<strong>Doskona\u0142e rozwi\u0105zanie dla tych, kt\u00f3rzy potrzebuj\u0105 bardzo szybko dotrze\u0107 z punktu A do punktu B bez stania w korkach. Nasz helikopter zabierze Ci\u0119 ekspresowo tam gdzie sobie \u017cyczysz.\u00a0<\/strong>\n\n<\/div>\n<div id=\"container\"><a class=\"button-more_info\" href=\"https:\/\/mertz.travel\/loty\"><img decoding=\"async\" class=\"alignnone wp-image-7619\" role=\"img\" src=\"https:\/\/mertz.travel\/wp-content\/uploads\/2021\/05\/oko_ikonka.svg\" alt=\"\" width=\"25\" height=\"15\" \/>Zobacz szczeg\u00f3\u0142y<\/a><\/div>\n<\/div>\t\t\t\t\t\t\t\t<\/div>\n\t\t\t\t<\/div>\n\t\t\t\t\t<\/div>\n\t\t<\/div>\n\t\t\t\t\t<\/div>\n\t\t<\/section>\n\t\t\t\t\t<\/div>\n\t\t<\/div>\n\t\t\t\t<div class=\"elementor-column elementor-col-33 elementor-top-column elementor-element elementor-element-7cf5530d\" data-id=\"7cf5530d\" data-element_type=\"column\" data-e-type=\"column\">\n\t\t\t<div class=\"elementor-widget-wrap elementor-element-populated\">\n\t\t\t\t\t\t<section class=\"elementor-section elementor-inner-section elementor-element elementor-element-02ab230 elementor-section-height-min-height elementor-section-boxed elementor-section-height-default\" data-id=\"02ab230\" data-element_type=\"section\" data-e-type=\"section\" data-settings=\"{&quot;background_background&quot;:&quot;classic&quot;}\">\n\t\t\t\t\t\t\t<div class=\"elementor-background-overlay\"><\/div>\n\t\t\t\t\t\t\t<div class=\"elementor-container elementor-column-gap-default\">\n\t\t\t\t\t<div class=\"make-column-clickable-elementor elementor-column elementor-col-100 elementor-inner-column elementor-element elementor-element-6678256\" style=\"cursor: pointer;\" data-column-clickable=\"https:\/\/mertz.travel\/loty-widokowe\/\" data-column-clickable-blank=\"_self\" data-id=\"6678256\" data-element_type=\"column\" data-e-type=\"column\">\n\t\t\t<div class=\"elementor-widget-wrap elementor-element-populated\">\n\t\t\t\t\t\t<div class=\"elementor-element elementor-element-47c0d04 elementor-widget elementor-widget-heading\" data-id=\"47c0d04\" data-element_type=\"widget\" data-e-type=\"widget\" data-widget_type=\"heading.default\">\n\t\t\t\t<div class=\"elementor-widget-container\">\n\t\t\t\t\t<p class=\"elementor-heading-title elementor-size-default\">Loty widokowe<\/p>\t\t\t\t<\/div>\n\t\t\t\t<\/div>\n\t\t\t\t<div class=\"elementor-element elementor-element-b27f2f2 elementor-widget elementor-widget-text-editor\" data-id=\"b27f2f2\" data-element_type=\"widget\" data-e-type=\"widget\" data-widget_type=\"text-editor.default\">\n\t\t\t\t<div class=\"elementor-widget-container\">\n\t\t\t\t\t\t\t\t\t<div class=\"details_hidden\">\n<div class=\"info-details\">\n\n<strong>Lot nad Krakowem, Wieliczk\u0105, Jeziorem Dobczyckim czy Zakopanem to wspania\u0142e prze\u017cycie, kt\u00f3re na pewno pozostanie w pami\u0119ci na d\u0142ugie lata.<\/strong>\n\n<\/div>\n<div id=\"container\"><a class=\"button-more_info\" href=\"https:\/\/mertz.travel\/loty-widokowe\/\"><img decoding=\"async\" class=\"alignnone wp-image-7619\" role=\"img\" src=\"https:\/\/mertz.travel\/wp-content\/uploads\/2021\/05\/oko_ikonka.svg\" alt=\"\" width=\"25\" height=\"15\" \/>Zobacz szczeg\u00f3\u0142y<\/a><\/div>\n<\/div>\t\t\t\t\t\t\t\t<\/div>\n\t\t\t\t<\/div>\n\t\t\t\t\t<\/div>\n\t\t<\/div>\n\t\t\t\t\t<\/div>\n\t\t<\/section>\n\t\t\t\t\t<\/div>\n\t\t<\/div>\n\t\t\t\t<div class=\"elementor-column elementor-col-33 elementor-top-column elementor-element elementor-element-748e3bc8\" data-id=\"748e3bc8\" data-element_type=\"column\" data-e-type=\"column\">\n\t\t\t<div class=\"elementor-widget-wrap elementor-element-populated\">\n\t\t\t\t\t\t<section class=\"elementor-section elementor-inner-section elementor-element elementor-element-508e641 elementor-section-height-min-height elementor-section-boxed elementor-section-height-default\" data-id=\"508e641\" data-element_type=\"section\" data-e-type=\"section\" data-settings=\"{&quot;background_background&quot;:&quot;classic&quot;}\">\n\t\t\t\t\t\t\t<div class=\"elementor-background-overlay\"><\/div>\n\t\t\t\t\t\t\t<div class=\"elementor-container elementor-column-gap-default\">\n\t\t\t\t\t<div class=\"make-column-clickable-elementor elementor-column elementor-col-100 elementor-inner-column elementor-element elementor-element-83237db\" style=\"cursor: pointer;\" data-column-clickable=\"https:\/\/mertz.travel\/lot-widokowy-do-tynca\" data-column-clickable-blank=\"_self\" data-id=\"83237db\" data-element_type=\"column\" data-e-type=\"column\">\n\t\t\t<div class=\"elementor-widget-wrap elementor-element-populated\">\n\t\t\t\t\t\t<div class=\"elementor-element elementor-element-d3799c0 elementor-widget elementor-widget-heading\" data-id=\"d3799c0\" data-element_type=\"widget\" data-e-type=\"widget\" data-widget_type=\"heading.default\">\n\t\t\t\t<div class=\"elementor-widget-container\">\n\t\t\t\t\t<p class=\"elementor-heading-title elementor-size-default\">Lot widokowy z wycieczk\u0105 do Opactwa w Ty\u0144cu i obiadem na Wzg\u00f3rzu Zamkowym<\/p>\t\t\t\t<\/div>\n\t\t\t\t<\/div>\n\t\t\t\t<div class=\"elementor-element elementor-element-0178b6a elementor-widget elementor-widget-text-editor\" data-id=\"0178b6a\" data-element_type=\"widget\" data-e-type=\"widget\" data-widget_type=\"text-editor.default\">\n\t\t\t\t<div class=\"elementor-widget-container\">\n\t\t\t\t\t\t\t\t\t<div class=\"details_hidden\">\n<div class=\"info-details\">\n\n<strong>Prywatny lot nad Krakowem po\u0142\u0105czony ze zwiedzaniem Opactwa Benedyktyn\u00f3w w Ty\u0144cu i pysznym polskim obiadem w zamkowej Baszcie. \n<\/strong>\n\n<\/div>\n<div id=\"container\"><a class=\"button-more_info\" href=\"https:\/\/mertz.travel\/lot-widokowy-do-tynca\"><img decoding=\"async\" class=\"alignnone wp-image-7619\" role=\"img\" src=\"https:\/\/mertz.travel\/wp-content\/uploads\/2021\/05\/oko_ikonka.svg\" alt=\"\" width=\"25\" height=\"15\" \/>Zobacz szczeg\u00f3\u0142y<\/a><\/div>\n<\/div>\t\t\t\t\t\t\t\t<\/div>\n\t\t\t\t<\/div>\n\t\t\t\t\t<\/div>\n\t\t<\/div>\n\t\t\t\t\t<\/div>\n\t\t<\/section>\n\t\t\t\t\t<\/div>\n\t\t<\/div>\n\t\t\t\t\t<\/div>\n\t\t<\/section>\n\t\t\t\t<section class=\"elementor-section elementor-top-section elementor-element elementor-element-dd8b4c6 elementor-section-boxed elementor-section-height-default elementor-section-height-default\" data-id=\"dd8b4c6\" data-element_type=\"section\" data-e-type=\"section\">\n\t\t\t\t\t\t<div class=\"elementor-container elementor-column-gap-default\">\n\t\t\t\t\t<div class=\"elementor-column elementor-col-100 elementor-top-column elementor-element elementor-element-6db82b0\" data-id=\"6db82b0\" data-element_type=\"column\" data-e-type=\"column\">\n\t\t\t<div class=\"elementor-widget-wrap elementor-element-populated\">\n\t\t\t\t\t\t<div class=\"elementor-element elementor-element-e1592ca elementor-widget elementor-widget-spacer\" data-id=\"e1592ca\" data-element_type=\"widget\" data-e-type=\"widget\" data-widget_type=\"spacer.default\">\n\t\t\t\t<div class=\"elementor-widget-container\">\n\t\t\t\t\t\t\t<div class=\"elementor-spacer\">\n\t\t\t<div class=\"elementor-spacer-inner\"><\/div>\n\t\t<\/div>\n\t\t\t\t\t\t<\/div>\n\t\t\t\t<\/div>\n\t\t\t\t\t<\/div>\n\t\t<\/div>\n\t\t\t\t\t<\/div>\n\t\t<\/section>\n\t\t\t\t<\/div>\n\t\t","protected":false},"excerpt":{"rendered":"<p>WSTECZ Loty i wycieczki helikopterem Powietrzna taks\u00f3wka i loty widokowe po\u0142\u0105czone ze standardowym zwiedzaniem. To nowa jako\u015b\u0107 w krakowskiej turystyce. Ogromne emocje i wspania\u0142e widoki gwarantowane. \u00a0 Transfery Doskona\u0142e rozwi\u0105zanie dla tych, kt\u00f3rzy potrzebuj\u0105 bardzo szybko dotrze\u0107 z punktu A do punktu B bez stania w korkach. Nasz helikopter zabierze Ci\u0119 ekspresowo tam gdzie sobie [&hellip;]<\/p>\n","protected":false},"author":1,"featured_media":0,"parent":0,"menu_order":0,"comment_status":"closed","ping_status":"closed","template":"elementor_header_footer","meta":{"inline_featured_image":false,"footnotes":""},"class_list":["post-7793","page","type-page","status-publish","hentry"],"_links":{"self":[{"href":"https:\/\/mertz.travel\/pl\/wp-json\/wp\/v2\/pages\/7793","targetHints":{"allow":["GET"]}}],"collection":[{"href":"https:\/\/mertz.travel\/pl\/wp-json\/wp\/v2\/pages"}],"about":[{"href":"https:\/\/mertz.travel\/pl\/wp-json\/wp\/v2\/types\/page"}],"author":[{"embeddable":true,"href":"https:\/\/mertz.travel\/pl\/wp-json\/wp\/v2\/users\/1"}],"replies":[{"embeddable":true,"href":"https:\/\/mertz.travel\/pl\/wp-json\/wp\/v2\/comments?post=7793"}],"version-history":[{"count":76,"href":"https:\/\/mertz.travel\/pl\/wp-json\/wp\/v2\/pages\/7793\/revisions"}],"predecessor-version":[{"id":13684,"href":"https:\/\/mertz.travel\/pl\/wp-json\/wp\/v2\/pages\/7793\/revisions\/13684"}],"wp:attachment":[{"href":"https:\/\/mertz.travel\/pl\/wp-json\/wp\/v2\/media?parent=7793"}],"curies":[{"name":"wp","href":"https:\/\/api.w.org\/{rel}","templated":true}]}}