{"id":7865,"date":"2021-05-07T15:38:27","date_gmt":"2021-05-07T15:38:27","guid":{"rendered":"https:\/\/mertz.travel\/?page_id=7865"},"modified":"2021-10-30T14:30:54","modified_gmt":"2021-10-30T14:30:54","slug":"koncerty-kameralne","status":"publish","type":"page","link":"https:\/\/mertz.travel\/pl\/koncerty-kameralne\/","title":{"rendered":"Koncerty Kameralne"},"content":{"rendered":"\t\t<div data-elementor-type=\"wp-page\" data-elementor-id=\"7865\" class=\"elementor elementor-7865\" data-elementor-post-type=\"page\">\n\t\t\t\t\t\t<section class=\"elementor-section elementor-top-section elementor-element elementor-element-3604724e elementor-section-boxed elementor-section-height-default elementor-section-height-default\" data-id=\"3604724e\" data-element_type=\"section\" data-e-type=\"section\">\n\t\t\t\t\t\t<div class=\"elementor-container elementor-column-gap-custom\">\n\t\t\t\t\t<div class=\"elementor-column elementor-col-66 elementor-top-column elementor-element elementor-element-a5f883f\" data-id=\"a5f883f\" data-element_type=\"column\" data-e-type=\"column\">\n\t\t\t<div class=\"elementor-widget-wrap elementor-element-populated\">\n\t\t\t\t\t\t<div class=\"elementor-element elementor-element-a13be70 elementor-position-inline-start elementor-view-default elementor-mobile-position-block-start elementor-widget elementor-widget-icon-box\" data-id=\"a13be70\" data-element_type=\"widget\" data-e-type=\"widget\" data-widget_type=\"icon-box.default\">\n\t\t\t\t<div class=\"elementor-widget-container\">\n\t\t\t\t\t\t\t<div class=\"elementor-icon-box-wrapper\">\n\n\t\t\t\t\t\t<div class=\"elementor-icon-box-icon\">\n\t\t\t\t<a href=\"https:\/\/mertz.travel\/strona-glowna-szkic\/\" class=\"elementor-icon\" tabindex=\"-1\" aria-label=\"WSTECZ\">\n\t\t\t\t<i aria-hidden=\"true\" class=\"triply-icon- triply-icon-long-arrow-left\"><\/i>\t\t\t\t<\/a>\n\t\t\t<\/div>\n\t\t\t\n\t\t\t\t\t\t<div class=\"elementor-icon-box-content\">\n\n\t\t\t\t\t\t\t\t\t<h3 class=\"elementor-icon-box-title\">\n\t\t\t\t\t\t<a href=\"https:\/\/mertz.travel\/strona-glowna-szkic\/\" >\n\t\t\t\t\t\t\tWSTECZ\t\t\t\t\t\t<\/a>\n\t\t\t\t\t<\/h3>\n\t\t\t\t\n\t\t\t\t\n\t\t\t<\/div>\n\t\t\t\n\t\t<\/div>\n\t\t\t\t\t\t<\/div>\n\t\t\t\t<\/div>\n\t\t\t\t\t<\/div>\n\t\t<\/div>\n\t\t\t\t<div class=\"elementor-column elementor-col-33 elementor-top-column elementor-element elementor-element-0968ca9\" data-id=\"0968ca9\" data-element_type=\"column\" data-e-type=\"column\">\n\t\t\t<div class=\"elementor-widget-wrap\">\n\t\t\t\t\t\t\t<\/div>\n\t\t<\/div>\n\t\t\t\t\t<\/div>\n\t\t<\/section>\n\t\t\t\t<section class=\"elementor-section elementor-top-section elementor-element elementor-element-f907101 elementor-section-boxed elementor-section-height-default elementor-section-height-default\" data-id=\"f907101\" data-element_type=\"section\" data-e-type=\"section\">\n\t\t\t\t\t\t<div class=\"elementor-container elementor-column-gap-custom\">\n\t\t\t\t\t<div class=\"elementor-column elementor-col-66 elementor-top-column elementor-element elementor-element-ba084a6\" data-id=\"ba084a6\" data-element_type=\"column\" data-e-type=\"column\">\n\t\t\t<div class=\"elementor-widget-wrap elementor-element-populated\">\n\t\t\t\t\t\t<div class=\"elementor-element elementor-element-68312e5 elementor-widget elementor-widget-heading\" data-id=\"68312e5\" data-element_type=\"widget\" data-e-type=\"widget\" data-widget_type=\"heading.default\">\n\t\t\t\t<div class=\"elementor-widget-container\">\n\t\t\t\t\t<h1 class=\"elementor-heading-title elementor-size-default\">Koncerty kameralne<\/h1>\t\t\t\t<\/div>\n\t\t\t\t<\/div>\n\t\t\t\t<div class=\"elementor-element elementor-element-1a7da39 elementor-widget-divider--view-line elementor-widget elementor-widget-divider\" data-id=\"1a7da39\" data-element_type=\"widget\" data-e-type=\"widget\" data-widget_type=\"divider.default\">\n\t\t\t\t<div class=\"elementor-widget-container\">\n\t\t\t\t\t\t\t<div class=\"elementor-divider\">\n\t\t\t<span class=\"elementor-divider-separator\">\n\t\t\t\t\t\t<\/span>\n\t\t<\/div>\n\t\t\t\t\t\t<\/div>\n\t\t\t\t<\/div>\n\t\t\t\t<div class=\"elementor-element elementor-element-6bc4423 elementor-widget elementor-widget-text-editor\" data-id=\"6bc4423\" data-element_type=\"widget\" data-e-type=\"widget\" data-widget_type=\"text-editor.default\">\n\t\t\t\t<div class=\"elementor-widget-container\">\n\t\t\t\t\t\t\t\t\t<p><span style=\"font-weight: 400;\">Oryginalne spektakle muzyczne z niepowtarzaln\u0105 atmosfer\u0105 i wyj\u0105tkow\u0105 aran\u017cacj\u0105. Raj dla koneser\u00f3w i prawdziwa uczta muzyczna dopracowana w najmniejszych szczeg\u00f3\u0142ach.<\/span><\/p>\t\t\t\t\t\t\t\t<\/div>\n\t\t\t\t<\/div>\n\t\t\t\t\t<\/div>\n\t\t<\/div>\n\t\t\t\t<div class=\"elementor-column elementor-col-33 elementor-top-column elementor-element elementor-element-6837103\" data-id=\"6837103\" data-element_type=\"column\" data-e-type=\"column\">\n\t\t\t<div class=\"elementor-widget-wrap\">\n\t\t\t\t\t\t\t<\/div>\n\t\t<\/div>\n\t\t\t\t\t<\/div>\n\t\t<\/section>\n\t\t\t\t<section class=\"elementor-section elementor-top-section elementor-element elementor-element-50b5080b elementor-section-boxed elementor-section-height-default elementor-section-height-default\" data-id=\"50b5080b\" data-element_type=\"section\" data-e-type=\"section\">\n\t\t\t\t\t\t<div class=\"elementor-container elementor-column-gap-no\">\n\t\t\t\t\t<div class=\"elementor-column elementor-col-33 elementor-top-column elementor-element elementor-element-5816132b\" data-id=\"5816132b\" data-element_type=\"column\" data-e-type=\"column\">\n\t\t\t<div class=\"elementor-widget-wrap elementor-element-populated\">\n\t\t\t\t\t\t<section class=\"elementor-section elementor-inner-section elementor-element elementor-element-6614e94 elementor-section-height-min-height elementor-section-boxed elementor-section-height-default\" data-id=\"6614e94\" data-element_type=\"section\" data-e-type=\"section\" data-settings=\"{&quot;background_background&quot;:&quot;classic&quot;}\">\n\t\t\t\t\t\t\t<div class=\"elementor-background-overlay\"><\/div>\n\t\t\t\t\t\t\t<div class=\"elementor-container elementor-column-gap-default\">\n\t\t\t\t\t<div class=\"make-column-clickable-elementor elementor-column elementor-col-100 elementor-inner-column elementor-element elementor-element-45da7ca\" style=\"cursor: pointer;\" data-column-clickable=\"https:\/\/mertz.travel\/koncert-chopinowski\/\" data-column-clickable-blank=\"_self\" data-id=\"45da7ca\" data-element_type=\"column\" data-e-type=\"column\">\n\t\t\t<div class=\"elementor-widget-wrap elementor-element-populated\">\n\t\t\t\t\t<div class=\"elementor-background-overlay\"><\/div>\n\t\t\t\t\t\t<div class=\"elementor-element elementor-element-0c45525 elementor-widget elementor-widget-heading\" data-id=\"0c45525\" data-element_type=\"widget\" data-e-type=\"widget\" data-widget_type=\"heading.default\">\n\t\t\t\t<div class=\"elementor-widget-container\">\n\t\t\t\t\t<p class=\"elementor-heading-title elementor-size-default\">Koncert Chopinowski<\/p>\t\t\t\t<\/div>\n\t\t\t\t<\/div>\n\t\t\t\t<div class=\"elementor-element elementor-element-73a5b47 elementor-widget elementor-widget-text-editor\" data-id=\"73a5b47\" data-element_type=\"widget\" data-e-type=\"widget\" data-widget_type=\"text-editor.default\">\n\t\t\t\t<div class=\"elementor-widget-container\">\n\t\t\t\t\t\t\t\t\t<div class=\"details_hidden\">\n<div class=\"info-details\">\n\n<strong>Koncert dedykowany dzie\u0142om Fryderyka Chopina to prawdziwa gratka dla mi\u0142o\u015bnik\u00f3w polskiego mistrza fortepianu.<\/strong>\n\n<\/div>\n<div id=\"container_link\"><a class=\"button-more_info\" href=\"https:\/\/mertz.travel\/koncert-chopinowski\/\"><img decoding=\"async\" class=\"alignnone wp-image-7619\" role=\"img\" src=\"https:\/\/mertz.travel\/wp-content\/uploads\/2021\/05\/oko_ikonka.svg\" alt=\"\" width=\"25\" height=\"15\" \/>Zobacz szczeg\u00f3\u0142y<\/a><\/div>\n<\/div>\t\t\t\t\t\t\t\t<\/div>\n\t\t\t\t<\/div>\n\t\t\t\t\t<\/div>\n\t\t<\/div>\n\t\t\t\t\t<\/div>\n\t\t<\/section>\n\t\t\t\t\t<\/div>\n\t\t<\/div>\n\t\t\t\t<div class=\"elementor-column elementor-col-33 elementor-top-column elementor-element elementor-element-2841181\" data-id=\"2841181\" data-element_type=\"column\" data-e-type=\"column\">\n\t\t\t<div class=\"elementor-widget-wrap elementor-element-populated\">\n\t\t\t\t\t\t<section class=\"elementor-section elementor-inner-section elementor-element elementor-element-225871c elementor-section-height-min-height elementor-section-boxed elementor-section-height-default\" data-id=\"225871c\" data-element_type=\"section\" data-e-type=\"section\" data-settings=\"{&quot;background_background&quot;:&quot;classic&quot;}\">\n\t\t\t\t\t\t\t<div class=\"elementor-background-overlay\"><\/div>\n\t\t\t\t\t\t\t<div class=\"elementor-container elementor-column-gap-default\">\n\t\t\t\t\t<div class=\"make-column-clickable-elementor elementor-column elementor-col-100 elementor-inner-column elementor-element elementor-element-7168baf\" style=\"cursor: pointer;\" data-column-clickable=\"https:\/\/mertz.travel\/royal-chamber-orchestra\/\" data-column-clickable-blank=\"_self\" data-id=\"7168baf\" data-element_type=\"column\" data-e-type=\"column\">\n\t\t\t<div class=\"elementor-widget-wrap elementor-element-populated\">\n\t\t\t\t\t<div class=\"elementor-background-overlay\"><\/div>\n\t\t\t\t\t\t<div class=\"elementor-element elementor-element-5776f00 elementor-widget elementor-widget-heading\" data-id=\"5776f00\" data-element_type=\"widget\" data-e-type=\"widget\" data-widget_type=\"heading.default\">\n\t\t\t\t<div class=\"elementor-widget-container\">\n\t\t\t\t\t<p class=\"elementor-heading-title elementor-size-default\">Royal Chamber Orchestra\n<\/p>\t\t\t\t<\/div>\n\t\t\t\t<\/div>\n\t\t\t\t<div class=\"elementor-element elementor-element-09ad3a5 elementor-widget elementor-widget-text-editor\" data-id=\"09ad3a5\" data-element_type=\"widget\" data-e-type=\"widget\" data-widget_type=\"text-editor.default\">\n\t\t\t\t<div class=\"elementor-widget-container\">\n\t\t\t\t\t\t\t\t\t<div class=\"details_hidden\">\n<div class=\"info-details\">\n\n<strong>Koncert orkiestry kameralnej Royal Chamber Orchestra to esencja magicznego \u015bwiata muzyki w starym Krakowie.<\/strong>\n\n<\/div>\n<div id=\"container_link\"><a class=\"button-more_info\" href=\"https:\/\/mertz.travel\/royal-chamber-orchestra\/\"><img decoding=\"async\" class=\"alignnone wp-image-7619\" role=\"img\" src=\"https:\/\/mertz.travel\/wp-content\/uploads\/2021\/05\/oko_ikonka.svg\" alt=\"\" width=\"25\" height=\"15\" \/>Zobacz szczeg\u00f3\u0142y<\/a><\/div>\n<\/div>\t\t\t\t\t\t\t\t<\/div>\n\t\t\t\t<\/div>\n\t\t\t\t\t<\/div>\n\t\t<\/div>\n\t\t\t\t\t<\/div>\n\t\t<\/section>\n\t\t\t\t\t<\/div>\n\t\t<\/div>\n\t\t\t\t<div class=\"elementor-column elementor-col-33 elementor-top-column elementor-element elementor-element-db662aa\" data-id=\"db662aa\" data-element_type=\"column\" data-e-type=\"column\">\n\t\t\t<div class=\"elementor-widget-wrap elementor-element-populated\">\n\t\t\t\t\t\t<section class=\"elementor-section elementor-inner-section elementor-element elementor-element-0f67d3d elementor-section-height-min-height elementor-section-boxed elementor-section-height-default\" data-id=\"0f67d3d\" data-element_type=\"section\" data-e-type=\"section\" data-settings=\"{&quot;background_background&quot;:&quot;classic&quot;}\">\n\t\t\t\t\t\t\t<div class=\"elementor-background-overlay\"><\/div>\n\t\t\t\t\t\t\t<div class=\"elementor-container elementor-column-gap-default\">\n\t\t\t\t\t<div class=\"make-column-clickable-elementor elementor-column elementor-col-100 elementor-inner-column elementor-element elementor-element-deaa281\" style=\"cursor: pointer;\" data-column-clickable=\"https:\/\/mertz.travel\/muzyka-klezmerska\/\" data-column-clickable-blank=\"_self\" data-id=\"deaa281\" data-element_type=\"column\" data-e-type=\"column\">\n\t\t\t<div class=\"elementor-widget-wrap elementor-element-populated\">\n\t\t\t\t\t<div class=\"elementor-background-overlay\"><\/div>\n\t\t\t\t\t\t<div class=\"elementor-element elementor-element-e6399a6 elementor-widget elementor-widget-heading\" data-id=\"e6399a6\" data-element_type=\"widget\" data-e-type=\"widget\" data-widget_type=\"heading.default\">\n\t\t\t\t<div class=\"elementor-widget-container\">\n\t\t\t\t\t<p class=\"elementor-heading-title elementor-size-default\">Muzyka Klezmerska<\/p>\t\t\t\t<\/div>\n\t\t\t\t<\/div>\n\t\t\t\t<div class=\"elementor-element elementor-element-cd02ade elementor-widget elementor-widget-text-editor\" data-id=\"cd02ade\" data-element_type=\"widget\" data-e-type=\"widget\" data-widget_type=\"text-editor.default\">\n\t\t\t\t<div class=\"elementor-widget-container\">\n\t\t\t\t\t\t\t\t\t<div class=\"details_hidden\">\n<div class=\"info-details\">\n\n<strong>Niezwyk\u0142e wydarzenie muzyczne z udzia\u0142em wybitnych, miejscowych zespo\u0142\u00f3w muzyki klezmerskiej. <\/strong>\n\n<\/div>\n<div id=\"container_link\"><a class=\"button-more_info\" href=\"https:\/\/mertz.travel\/muzyka-klezmerska\/\"><img decoding=\"async\" class=\"alignnone wp-image-7619\" role=\"img\" src=\"https:\/\/mertz.travel\/wp-content\/uploads\/2021\/05\/oko_ikonka.svg\" alt=\"\" width=\"25\" height=\"15\" \/>Zobacz szczeg\u00f3\u0142y<\/a><\/div>\n<\/div>\t\t\t\t\t\t\t\t<\/div>\n\t\t\t\t<\/div>\n\t\t\t\t\t<\/div>\n\t\t<\/div>\n\t\t\t\t\t<\/div>\n\t\t<\/section>\n\t\t\t\t\t<\/div>\n\t\t<\/div>\n\t\t\t\t\t<\/div>\n\t\t<\/section>\n\t\t\t\t<section class=\"elementor-section elementor-top-section elementor-element elementor-element-06cb5eb elementor-section-boxed elementor-section-height-default elementor-section-height-default\" data-id=\"06cb5eb\" data-element_type=\"section\" data-e-type=\"section\">\n\t\t\t\t\t\t<div class=\"elementor-container elementor-column-gap-no\">\n\t\t\t\t\t<div class=\"elementor-column elementor-col-33 elementor-top-column elementor-element elementor-element-15de70b\" data-id=\"15de70b\" data-element_type=\"column\" data-e-type=\"column\">\n\t\t\t<div class=\"elementor-widget-wrap elementor-element-populated\">\n\t\t\t\t\t\t<section class=\"elementor-section elementor-inner-section elementor-element elementor-element-c90333b elementor-section-height-min-height elementor-section-boxed elementor-section-height-default\" data-id=\"c90333b\" data-element_type=\"section\" data-e-type=\"section\" data-settings=\"{&quot;background_background&quot;:&quot;classic&quot;}\">\n\t\t\t\t\t\t\t<div class=\"elementor-background-overlay\"><\/div>\n\t\t\t\t\t\t\t<div class=\"elementor-container elementor-column-gap-default\">\n\t\t\t\t\t<div class=\"make-column-clickable-elementor elementor-column elementor-col-100 elementor-inner-column elementor-element elementor-element-bc2b08c\" style=\"cursor: pointer;\" data-column-clickable=\"https:\/\/mertz.travel\/folk-show\/\" data-column-clickable-blank=\"_self\" data-id=\"bc2b08c\" data-element_type=\"column\" data-e-type=\"column\">\n\t\t\t<div class=\"elementor-widget-wrap elementor-element-populated\">\n\t\t\t\t\t<div class=\"elementor-background-overlay\"><\/div>\n\t\t\t\t\t\t<div class=\"elementor-element elementor-element-146862c elementor-widget elementor-widget-heading\" data-id=\"146862c\" data-element_type=\"widget\" data-e-type=\"widget\" data-widget_type=\"heading.default\">\n\t\t\t\t<div class=\"elementor-widget-container\">\n\t\t\t\t\t<p class=\"elementor-heading-title elementor-size-default\">Folk Show \n<\/p>\t\t\t\t<\/div>\n\t\t\t\t<\/div>\n\t\t\t\t<div class=\"elementor-element elementor-element-21947d1 elementor-widget elementor-widget-text-editor\" data-id=\"21947d1\" data-element_type=\"widget\" data-e-type=\"widget\" data-widget_type=\"text-editor.default\">\n\t\t\t\t<div class=\"elementor-widget-container\">\n\t\t\t\t\t\t\t\t\t<div class=\"details_hidden\">\n<div class=\"info-details\">\n\n<strong>To b\u0119dzie prawdziwy polski folk i najlepszy show w postaci ta\u0144c\u00f3w, \u015bpiewu i muzyki na \u017cywo, a ca\u0142o\u015b\u0107 zwie\u0144czy wy\u015bmienity polski obiad. <\/strong>\n\n<\/div>\n<div id=\"container_link\"><a class=\"button-more_info\" href=\"https:\/\/mertz.travel\/folk-show\/\"><img decoding=\"async\" class=\"alignnone wp-image-7619\" role=\"img\" src=\"https:\/\/mertz.travel\/wp-content\/uploads\/2021\/05\/oko_ikonka.svg\" alt=\"\" width=\"25\" height=\"15\" \/>Zobacz szczeg\u00f3\u0142y<\/a><\/div>\n<\/div>\t\t\t\t\t\t\t\t<\/div>\n\t\t\t\t<\/div>\n\t\t\t\t\t<\/div>\n\t\t<\/div>\n\t\t\t\t\t<\/div>\n\t\t<\/section>\n\t\t\t\t\t<\/div>\n\t\t<\/div>\n\t\t\t\t<div class=\"elementor-column elementor-col-33 elementor-top-column elementor-element elementor-element-71d3602\" data-id=\"71d3602\" data-element_type=\"column\" data-e-type=\"column\">\n\t\t\t<div class=\"elementor-widget-wrap elementor-element-populated\">\n\t\t\t\t\t\t<section class=\"elementor-section elementor-inner-section elementor-element elementor-element-a3175a4 elementor-section-height-min-height elementor-section-boxed elementor-section-height-default\" data-id=\"a3175a4\" data-element_type=\"section\" data-e-type=\"section\" data-settings=\"{&quot;background_background&quot;:&quot;classic&quot;}\">\n\t\t\t\t\t\t\t<div class=\"elementor-background-overlay\"><\/div>\n\t\t\t\t\t\t\t<div class=\"elementor-container elementor-column-gap-default\">\n\t\t\t\t\t<div class=\"make-column-clickable-elementor elementor-column elementor-col-100 elementor-inner-column elementor-element elementor-element-98abf09\" style=\"cursor: pointer;\" data-column-clickable=\"https:\/\/mertz.travel\/koncert-kameralny-tylko-dla-ciebie\/\" data-column-clickable-blank=\"_self\" data-id=\"98abf09\" data-element_type=\"column\" data-e-type=\"column\">\n\t\t\t<div class=\"elementor-widget-wrap elementor-element-populated\">\n\t\t\t\t\t<div class=\"elementor-background-overlay\"><\/div>\n\t\t\t\t\t\t<div class=\"elementor-element elementor-element-0e25366 elementor-widget elementor-widget-heading\" data-id=\"0e25366\" data-element_type=\"widget\" data-e-type=\"widget\" data-widget_type=\"heading.default\">\n\t\t\t\t<div class=\"elementor-widget-container\">\n\t\t\t\t\t<p class=\"elementor-heading-title elementor-size-default\">Koncert kameralny tylko dla Ciebie\n<\/p>\t\t\t\t<\/div>\n\t\t\t\t<\/div>\n\t\t\t\t<div class=\"elementor-element elementor-element-3199a74 elementor-widget elementor-widget-text-editor\" data-id=\"3199a74\" data-element_type=\"widget\" data-e-type=\"widget\" data-widget_type=\"text-editor.default\">\n\t\t\t\t<div class=\"elementor-widget-container\">\n\t\t\t\t\t\t\t\t\t<div class=\"details_hidden\">\n<div class=\"info-details\">\n\n<strong>Koncert na w\u0142asnym tarasie albo w salonie, a mo\u017ce pod oknem narzeczonej lub na uroczysto\u015bci weselnej? Tak, teraz to mo\u017cliwe.<\/strong>\n\n<\/div>\n<div id=\"container_link\"><a class=\"button-more_info\" href=\"https:\/\/mertz.travel\/koncert-kameralny-tylko-dla-ciebie\/\"><img decoding=\"async\" class=\"alignnone wp-image-7619\" role=\"img\" src=\"https:\/\/mertz.travel\/wp-content\/uploads\/2021\/05\/oko_ikonka.svg\" alt=\"\" width=\"25\" height=\"15\" \/>Zobacz szczeg\u00f3\u0142y<\/a><\/div>\n<\/div>\t\t\t\t\t\t\t\t<\/div>\n\t\t\t\t<\/div>\n\t\t\t\t\t<\/div>\n\t\t<\/div>\n\t\t\t\t\t<\/div>\n\t\t<\/section>\n\t\t\t\t\t<\/div>\n\t\t<\/div>\n\t\t\t\t<div class=\"elementor-column elementor-col-33 elementor-top-column elementor-element elementor-element-0c2f2c6\" data-id=\"0c2f2c6\" data-element_type=\"column\" data-e-type=\"column\">\n\t\t\t<div class=\"elementor-widget-wrap\">\n\t\t\t\t\t\t\t<\/div>\n\t\t<\/div>\n\t\t\t\t\t<\/div>\n\t\t<\/section>\n\t\t\t\t<section class=\"elementor-section elementor-top-section elementor-element elementor-element-c918eb3 elementor-section-boxed elementor-section-height-default elementor-section-height-default\" data-id=\"c918eb3\" data-element_type=\"section\" data-e-type=\"section\">\n\t\t\t\t\t\t<div class=\"elementor-container elementor-column-gap-default\">\n\t\t\t\t\t<div class=\"elementor-column elementor-col-100 elementor-top-column elementor-element elementor-element-a1addad\" data-id=\"a1addad\" data-element_type=\"column\" data-e-type=\"column\">\n\t\t\t<div class=\"elementor-widget-wrap elementor-element-populated\">\n\t\t\t\t\t\t<div class=\"elementor-element elementor-element-188b20e elementor-widget elementor-widget-spacer\" data-id=\"188b20e\" data-element_type=\"widget\" data-e-type=\"widget\" data-widget_type=\"spacer.default\">\n\t\t\t\t<div class=\"elementor-widget-container\">\n\t\t\t\t\t\t\t<div class=\"elementor-spacer\">\n\t\t\t<div class=\"elementor-spacer-inner\"><\/div>\n\t\t<\/div>\n\t\t\t\t\t\t<\/div>\n\t\t\t\t<\/div>\n\t\t\t\t\t<\/div>\n\t\t<\/div>\n\t\t\t\t\t<\/div>\n\t\t<\/section>\n\t\t\t\t<\/div>\n\t\t","protected":false},"excerpt":{"rendered":"<p>WSTECZ Koncerty kameralne Oryginalne spektakle muzyczne z niepowtarzaln\u0105 atmosfer\u0105 i wyj\u0105tkow\u0105 aran\u017cacj\u0105. Raj dla koneser\u00f3w i prawdziwa uczta muzyczna dopracowana w najmniejszych szczeg\u00f3\u0142ach. Koncert Chopinowski Koncert dedykowany dzie\u0142om Fryderyka Chopina to prawdziwa gratka dla mi\u0142o\u015bnik\u00f3w polskiego mistrza fortepianu. Zobacz szczeg\u00f3\u0142y Royal Chamber Orchestra Koncert orkiestry kameralnej Royal Chamber Orchestra to esencja magicznego \u015bwiata muzyki w [&hellip;]<\/p>\n","protected":false},"author":1,"featured_media":0,"parent":0,"menu_order":0,"comment_status":"closed","ping_status":"closed","template":"elementor_header_footer","meta":{"inline_featured_image":false,"footnotes":""},"class_list":["post-7865","page","type-page","status-publish","hentry"],"_links":{"self":[{"href":"https:\/\/mertz.travel\/pl\/wp-json\/wp\/v2\/pages\/7865","targetHints":{"allow":["GET"]}}],"collection":[{"href":"https:\/\/mertz.travel\/pl\/wp-json\/wp\/v2\/pages"}],"about":[{"href":"https:\/\/mertz.travel\/pl\/wp-json\/wp\/v2\/types\/page"}],"author":[{"embeddable":true,"href":"https:\/\/mertz.travel\/pl\/wp-json\/wp\/v2\/users\/1"}],"replies":[{"embeddable":true,"href":"https:\/\/mertz.travel\/pl\/wp-json\/wp\/v2\/comments?post=7865"}],"version-history":[{"count":62,"href":"https:\/\/mertz.travel\/pl\/wp-json\/wp\/v2\/pages\/7865\/revisions"}],"predecessor-version":[{"id":13663,"href":"https:\/\/mertz.travel\/pl\/wp-json\/wp\/v2\/pages\/7865\/revisions\/13663"}],"wp:attachment":[{"href":"https:\/\/mertz.travel\/pl\/wp-json\/wp\/v2\/media?parent=7865"}],"curies":[{"name":"wp","href":"https:\/\/api.w.org\/{rel}","templated":true}]}}