{"id":7914,"date":"2021-05-07T16:47:00","date_gmt":"2021-05-07T16:47:00","guid":{"rendered":"https:\/\/mertz.travel\/?page_id=7914"},"modified":"2021-10-30T15:30:41","modified_gmt":"2021-10-30T15:30:41","slug":"rejsy","status":"publish","type":"page","link":"https:\/\/mertz.travel\/pl\/rejsy\/","title":{"rendered":"Rejsy"},"content":{"rendered":"\t\t<div data-elementor-type=\"wp-page\" data-elementor-id=\"7914\" class=\"elementor elementor-7914\" data-elementor-post-type=\"page\">\n\t\t\t\t\t\t<section class=\"elementor-section elementor-top-section elementor-element elementor-element-3c851a83 elementor-section-boxed elementor-section-height-default elementor-section-height-default\" data-id=\"3c851a83\" data-element_type=\"section\" data-e-type=\"section\">\n\t\t\t\t\t\t<div class=\"elementor-container elementor-column-gap-custom\">\n\t\t\t\t\t<div class=\"elementor-column elementor-col-66 elementor-top-column elementor-element elementor-element-15deff7f\" data-id=\"15deff7f\" data-element_type=\"column\" data-e-type=\"column\">\n\t\t\t<div class=\"elementor-widget-wrap elementor-element-populated\">\n\t\t\t\t\t\t<div class=\"elementor-element elementor-element-60d64263 elementor-position-inline-start elementor-view-default elementor-mobile-position-block-start elementor-widget elementor-widget-icon-box\" data-id=\"60d64263\" data-element_type=\"widget\" data-e-type=\"widget\" data-widget_type=\"icon-box.default\">\n\t\t\t\t<div class=\"elementor-widget-container\">\n\t\t\t\t\t\t\t<div class=\"elementor-icon-box-wrapper\">\n\n\t\t\t\t\t\t<div class=\"elementor-icon-box-icon\">\n\t\t\t\t<a href=\"https:\/\/mertz.travel\/strona-glowna-szkic\/\" class=\"elementor-icon\" tabindex=\"-1\" aria-label=\"WSTECZ\">\n\t\t\t\t<i aria-hidden=\"true\" class=\"triply-icon- triply-icon-long-arrow-left\"><\/i>\t\t\t\t<\/a>\n\t\t\t<\/div>\n\t\t\t\n\t\t\t\t\t\t<div class=\"elementor-icon-box-content\">\n\n\t\t\t\t\t\t\t\t\t<h3 class=\"elementor-icon-box-title\">\n\t\t\t\t\t\t<a href=\"https:\/\/mertz.travel\/strona-glowna-szkic\/\" >\n\t\t\t\t\t\t\tWSTECZ\t\t\t\t\t\t<\/a>\n\t\t\t\t\t<\/h3>\n\t\t\t\t\n\t\t\t\t\n\t\t\t<\/div>\n\t\t\t\n\t\t<\/div>\n\t\t\t\t\t\t<\/div>\n\t\t\t\t<\/div>\n\t\t\t\t\t<\/div>\n\t\t<\/div>\n\t\t\t\t<div class=\"elementor-column elementor-col-33 elementor-top-column elementor-element elementor-element-3c088f66\" data-id=\"3c088f66\" data-element_type=\"column\" data-e-type=\"column\">\n\t\t\t<div class=\"elementor-widget-wrap\">\n\t\t\t\t\t\t\t<\/div>\n\t\t<\/div>\n\t\t\t\t\t<\/div>\n\t\t<\/section>\n\t\t\t\t<section class=\"elementor-section elementor-top-section elementor-element elementor-element-6fc01736 elementor-section-boxed elementor-section-height-default elementor-section-height-default\" data-id=\"6fc01736\" data-element_type=\"section\" data-e-type=\"section\">\n\t\t\t\t\t\t<div class=\"elementor-container elementor-column-gap-custom\">\n\t\t\t\t\t<div class=\"elementor-column elementor-col-66 elementor-top-column elementor-element elementor-element-627b1e95\" data-id=\"627b1e95\" data-element_type=\"column\" data-e-type=\"column\">\n\t\t\t<div class=\"elementor-widget-wrap elementor-element-populated\">\n\t\t\t\t\t\t<div class=\"elementor-element elementor-element-6ac8c058 elementor-widget elementor-widget-heading\" data-id=\"6ac8c058\" data-element_type=\"widget\" data-e-type=\"widget\" data-widget_type=\"heading.default\">\n\t\t\t\t<div class=\"elementor-widget-container\">\n\t\t\t\t\t<h1 class=\"elementor-heading-title elementor-size-default\">Rejsy<\/h1>\t\t\t\t<\/div>\n\t\t\t\t<\/div>\n\t\t\t\t<div class=\"elementor-element elementor-element-2dcc0578 elementor-widget-divider--view-line elementor-widget elementor-widget-divider\" data-id=\"2dcc0578\" data-element_type=\"widget\" data-e-type=\"widget\" data-widget_type=\"divider.default\">\n\t\t\t\t<div class=\"elementor-widget-container\">\n\t\t\t\t\t\t\t<div class=\"elementor-divider\">\n\t\t\t<span class=\"elementor-divider-separator\">\n\t\t\t\t\t\t<\/span>\n\t\t<\/div>\n\t\t\t\t\t\t<\/div>\n\t\t\t\t<\/div>\n\t\t\t\t<div class=\"elementor-element elementor-element-543baf59 elementor-widget elementor-widget-text-editor\" data-id=\"543baf59\" data-element_type=\"widget\" data-e-type=\"widget\" data-widget_type=\"text-editor.default\">\n\t\t\t\t<div class=\"elementor-widget-container\">\n\t\t\t\t\t\t\t\t\t<p>Zwiedzanie Krakowa z poziomu rzeki Wis\u0142y to doskona\u0142y spos\u00f3b na relaks i pi\u0119kne widoki. Zapraszamy wszystkich, kt\u00f3rzy przy szumie kr\u00f3lowej polskich rzek chc\u0105 zobaczy\u0107 miasto z innej, ale jak\u017ce urokliwej perspektywy.<\/p>\t\t\t\t\t\t\t\t<\/div>\n\t\t\t\t<\/div>\n\t\t\t\t\t<\/div>\n\t\t<\/div>\n\t\t\t\t<div class=\"elementor-column elementor-col-33 elementor-top-column elementor-element elementor-element-3b116841\" data-id=\"3b116841\" data-element_type=\"column\" data-e-type=\"column\">\n\t\t\t<div class=\"elementor-widget-wrap\">\n\t\t\t\t\t\t\t<\/div>\n\t\t<\/div>\n\t\t\t\t\t<\/div>\n\t\t<\/section>\n\t\t\t\t<section class=\"elementor-section elementor-top-section elementor-element elementor-element-61f383d6 elementor-section-boxed elementor-section-height-default elementor-section-height-default\" data-id=\"61f383d6\" data-element_type=\"section\" data-e-type=\"section\">\n\t\t\t\t\t\t<div class=\"elementor-container elementor-column-gap-no\">\n\t\t\t\t\t<div class=\"elementor-column elementor-col-33 elementor-top-column elementor-element elementor-element-1568286c\" data-id=\"1568286c\" data-element_type=\"column\" data-e-type=\"column\">\n\t\t\t<div class=\"elementor-widget-wrap elementor-element-populated\">\n\t\t\t\t\t\t<section class=\"elementor-section elementor-inner-section elementor-element elementor-element-9436e13 elementor-section-height-min-height elementor-section-boxed elementor-section-height-default\" data-id=\"9436e13\" data-element_type=\"section\" data-e-type=\"section\" data-settings=\"{&quot;background_background&quot;:&quot;classic&quot;}\">\n\t\t\t\t\t\t\t<div class=\"elementor-background-overlay\"><\/div>\n\t\t\t\t\t\t\t<div class=\"elementor-container elementor-column-gap-default\">\n\t\t\t\t\t<div class=\"make-column-clickable-elementor elementor-column elementor-col-100 elementor-inner-column elementor-element elementor-element-4c6e50d\" style=\"cursor: pointer;\" data-column-clickable=\"https:\/\/mertz.travel\/rejs-po-krakowie\/\" data-column-clickable-blank=\"_self\" data-id=\"4c6e50d\" data-element_type=\"column\" data-e-type=\"column\">\n\t\t\t<div class=\"elementor-widget-wrap elementor-element-populated\">\n\t\t\t\t\t<div class=\"elementor-background-overlay\"><\/div>\n\t\t\t\t\t\t<div class=\"elementor-element elementor-element-7236055 elementor-widget elementor-widget-heading\" data-id=\"7236055\" data-element_type=\"widget\" data-e-type=\"widget\" data-widget_type=\"heading.default\">\n\t\t\t\t<div class=\"elementor-widget-container\">\n\t\t\t\t\t<p class=\"elementor-heading-title elementor-size-default\">Rejs po Krakowie<\/p>\t\t\t\t<\/div>\n\t\t\t\t<\/div>\n\t\t\t\t<div class=\"elementor-element elementor-element-c5253ff elementor-widget elementor-widget-text-editor\" data-id=\"c5253ff\" data-element_type=\"widget\" data-e-type=\"widget\" data-widget_type=\"text-editor.default\">\n\t\t\t\t<div class=\"elementor-widget-container\">\n\t\t\t\t\t\t\t\t\t<div class=\"details_hidden\">\n<div class=\"info-details\">\n\n<strong>Wspania\u0142e widoki, ciekawe historie i b\u0142ogi relaks. Te s\u0142owa najpe\u0142niej oddaj\u0105 to czego mo\u017cna do\u015bwiadczy\u0107 podczas rejsu po Wi\u015ble.<\/strong>\n\n<\/div>\n<div id=\"container\"><a class=\"button-more_info\" href=\"https:\/\/mertz.travel\/rejs-po-krakowie\/\"><img decoding=\"async\" class=\"alignnone wp-image-7619\" role=\"img\" src=\"https:\/\/mertz.travel\/wp-content\/uploads\/2021\/05\/oko_ikonka.svg\" alt=\"\" width=\"25\" height=\"15\" \/>Zobacz szczeg\u00f3\u0142y<\/a><\/div>\n<\/div>\t\t\t\t\t\t\t\t<\/div>\n\t\t\t\t<\/div>\n\t\t\t\t\t<\/div>\n\t\t<\/div>\n\t\t\t\t\t<\/div>\n\t\t<\/section>\n\t\t\t\t\t<\/div>\n\t\t<\/div>\n\t\t\t\t<div class=\"elementor-column elementor-col-33 elementor-top-column elementor-element elementor-element-7d69257\" data-id=\"7d69257\" data-element_type=\"column\" data-e-type=\"column\">\n\t\t\t<div class=\"elementor-widget-wrap elementor-element-populated\">\n\t\t\t\t\t\t<section class=\"elementor-section elementor-inner-section elementor-element elementor-element-c4aadcb elementor-section-height-min-height elementor-section-boxed elementor-section-height-default\" data-id=\"c4aadcb\" data-element_type=\"section\" data-e-type=\"section\" data-settings=\"{&quot;background_background&quot;:&quot;classic&quot;}\">\n\t\t\t\t\t\t\t<div class=\"elementor-background-overlay\"><\/div>\n\t\t\t\t\t\t\t<div class=\"elementor-container elementor-column-gap-default\">\n\t\t\t\t\t<div class=\"make-column-clickable-elementor elementor-column elementor-col-100 elementor-inner-column elementor-element elementor-element-cad1b8e\" style=\"cursor: pointer;\" data-column-clickable=\"https:\/\/mertz.travel\/rejs-do-tynca\/\" data-column-clickable-blank=\"_self\" data-id=\"cad1b8e\" data-element_type=\"column\" data-e-type=\"column\">\n\t\t\t<div class=\"elementor-widget-wrap elementor-element-populated\">\n\t\t\t\t\t<div class=\"elementor-background-overlay\"><\/div>\n\t\t\t\t\t\t<div class=\"elementor-element elementor-element-df895fa elementor-widget elementor-widget-heading\" data-id=\"df895fa\" data-element_type=\"widget\" data-e-type=\"widget\" data-widget_type=\"heading.default\">\n\t\t\t\t<div class=\"elementor-widget-container\">\n\t\t\t\t\t<p class=\"elementor-heading-title elementor-size-default\">Rejs do Ty\u0144ca<\/p>\t\t\t\t<\/div>\n\t\t\t\t<\/div>\n\t\t\t\t<div class=\"elementor-element elementor-element-4ea610b elementor-widget elementor-widget-text-editor\" data-id=\"4ea610b\" data-element_type=\"widget\" data-e-type=\"widget\" data-widget_type=\"text-editor.default\">\n\t\t\t\t<div class=\"elementor-widget-container\">\n\t\t\t\t\t\t\t\t\t<div class=\"details_hidden\">\n<div class=\"info-details\">\n\n<strong>Doskona\u0142y pomys\u0142 na nietuzinkowe zwiedzanie Krakowa. Wyj\u0105tkowa, pe\u0142na zachwyt\u00f3w podr\u00f3\u017c Wis\u0142\u0105 do jednego z najwi\u0119kszych i najznamienitszych opactw w Polsce. <\/strong>\n\n<\/div>\n<div id=\"container\"><a class=\"button-more_info\" href=\"https:\/\/mertz.travel\/rejs-do-tynca\/\"><img decoding=\"async\" class=\"alignnone wp-image-7619\" role=\"img\" src=\"https:\/\/mertz.travel\/wp-content\/uploads\/2021\/05\/oko_ikonka.svg\" alt=\"\" width=\"25\" height=\"15\" \/>Zobacz szczeg\u00f3\u0142y<\/a><\/div>\n<\/div>\t\t\t\t\t\t\t\t<\/div>\n\t\t\t\t<\/div>\n\t\t\t\t\t<\/div>\n\t\t<\/div>\n\t\t\t\t\t<\/div>\n\t\t<\/section>\n\t\t\t\t\t<\/div>\n\t\t<\/div>\n\t\t\t\t<div class=\"elementor-column elementor-col-33 elementor-top-column elementor-element elementor-element-60d0bfb\" data-id=\"60d0bfb\" data-element_type=\"column\" data-e-type=\"column\">\n\t\t\t<div class=\"elementor-widget-wrap elementor-element-populated\">\n\t\t\t\t\t\t<section class=\"elementor-section elementor-inner-section elementor-element elementor-element-96ca15f elementor-section-height-min-height elementor-section-boxed elementor-section-height-default\" data-id=\"96ca15f\" data-element_type=\"section\" data-e-type=\"section\" data-settings=\"{&quot;background_background&quot;:&quot;classic&quot;}\">\n\t\t\t\t\t\t\t<div class=\"elementor-background-overlay\"><\/div>\n\t\t\t\t\t\t\t<div class=\"elementor-container elementor-column-gap-default\">\n\t\t\t\t\t<div class=\"make-column-clickable-elementor elementor-column elementor-col-100 elementor-inner-column elementor-element elementor-element-1ef3e5d\" style=\"cursor: pointer;\" data-column-clickable=\"https:\/\/mertz.travel\/rejs-tylko-dla-ciebie\" data-column-clickable-blank=\"_self\" data-id=\"1ef3e5d\" data-element_type=\"column\" data-e-type=\"column\">\n\t\t\t<div class=\"elementor-widget-wrap elementor-element-populated\">\n\t\t\t\t\t<div class=\"elementor-background-overlay\"><\/div>\n\t\t\t\t\t\t<div class=\"elementor-element elementor-element-2bca6f4 elementor-widget elementor-widget-heading\" data-id=\"2bca6f4\" data-element_type=\"widget\" data-e-type=\"widget\" data-widget_type=\"heading.default\">\n\t\t\t\t<div class=\"elementor-widget-container\">\n\t\t\t\t\t<p class=\"elementor-heading-title elementor-size-default\">Rejs tylko dla Ciebie<\/p>\t\t\t\t<\/div>\n\t\t\t\t<\/div>\n\t\t\t\t<div class=\"elementor-element elementor-element-2342f22 elementor-widget elementor-widget-text-editor\" data-id=\"2342f22\" data-element_type=\"widget\" data-e-type=\"widget\" data-widget_type=\"text-editor.default\">\n\t\t\t\t<div class=\"elementor-widget-container\">\n\t\t\t\t\t\t\t\t\t<div class=\"details_hidden\">\n<div class=\"info-details\">\n\n<strong>Tylko Ty, On lub Ona, albo ca\u0142a Twoja rodzina lub grupa znajomych. Do tego statek lub katamaran do Twojej wy\u0142\u0105cznej dyspozycji. <\/strong>\n\n<\/div>\n<div id=\"container\"><a class=\"button-more_info\" href=\"https:\/\/mertz.travel\/rejs-tylko-dla-ciebie\"><img decoding=\"async\" class=\"alignnone wp-image-7619\" role=\"img\" src=\"https:\/\/mertz.travel\/wp-content\/uploads\/2021\/05\/oko_ikonka.svg\" alt=\"\" width=\"25\" height=\"15\" \/>Zobacz szczeg\u00f3\u0142y<\/a><\/div>\n<\/div>\t\t\t\t\t\t\t\t<\/div>\n\t\t\t\t<\/div>\n\t\t\t\t\t<\/div>\n\t\t<\/div>\n\t\t\t\t\t<\/div>\n\t\t<\/section>\n\t\t\t\t\t<\/div>\n\t\t<\/div>\n\t\t\t\t\t<\/div>\n\t\t<\/section>\n\t\t\t\t<section class=\"elementor-section elementor-top-section elementor-element elementor-element-06e75e9 elementor-section-boxed elementor-section-height-default elementor-section-height-default\" data-id=\"06e75e9\" data-element_type=\"section\" data-e-type=\"section\">\n\t\t\t\t\t\t<div class=\"elementor-container elementor-column-gap-default\">\n\t\t\t\t\t<div class=\"elementor-column elementor-col-100 elementor-top-column elementor-element elementor-element-fa8a0e0\" data-id=\"fa8a0e0\" data-element_type=\"column\" data-e-type=\"column\">\n\t\t\t<div class=\"elementor-widget-wrap elementor-element-populated\">\n\t\t\t\t\t\t<div class=\"elementor-element elementor-element-628dbb3 elementor-widget elementor-widget-spacer\" data-id=\"628dbb3\" data-element_type=\"widget\" data-e-type=\"widget\" data-widget_type=\"spacer.default\">\n\t\t\t\t<div class=\"elementor-widget-container\">\n\t\t\t\t\t\t\t<div class=\"elementor-spacer\">\n\t\t\t<div class=\"elementor-spacer-inner\"><\/div>\n\t\t<\/div>\n\t\t\t\t\t\t<\/div>\n\t\t\t\t<\/div>\n\t\t\t\t\t<\/div>\n\t\t<\/div>\n\t\t\t\t\t<\/div>\n\t\t<\/section>\n\t\t\t\t<\/div>\n\t\t","protected":false},"excerpt":{"rendered":"<p>WSTECZ Rejsy Zwiedzanie Krakowa z poziomu rzeki Wis\u0142y to doskona\u0142y spos\u00f3b na relaks i pi\u0119kne widoki. Zapraszamy wszystkich, kt\u00f3rzy przy szumie kr\u00f3lowej polskich rzek chc\u0105 zobaczy\u0107 miasto z innej, ale jak\u017ce urokliwej perspektywy. Rejs po Krakowie Wspania\u0142e widoki, ciekawe historie i b\u0142ogi relaks. Te s\u0142owa najpe\u0142niej oddaj\u0105 to czego mo\u017cna do\u015bwiadczy\u0107 podczas rejsu po Wi\u015ble. [&hellip;]<\/p>\n","protected":false},"author":1,"featured_media":0,"parent":0,"menu_order":0,"comment_status":"closed","ping_status":"closed","template":"elementor_header_footer","meta":{"inline_featured_image":false,"footnotes":""},"class_list":["post-7914","page","type-page","status-publish","hentry"],"_links":{"self":[{"href":"https:\/\/mertz.travel\/pl\/wp-json\/wp\/v2\/pages\/7914","targetHints":{"allow":["GET"]}}],"collection":[{"href":"https:\/\/mertz.travel\/pl\/wp-json\/wp\/v2\/pages"}],"about":[{"href":"https:\/\/mertz.travel\/pl\/wp-json\/wp\/v2\/types\/page"}],"author":[{"embeddable":true,"href":"https:\/\/mertz.travel\/pl\/wp-json\/wp\/v2\/users\/1"}],"replies":[{"embeddable":true,"href":"https:\/\/mertz.travel\/pl\/wp-json\/wp\/v2\/comments?post=7914"}],"version-history":[{"count":68,"href":"https:\/\/mertz.travel\/pl\/wp-json\/wp\/v2\/pages\/7914\/revisions"}],"predecessor-version":[{"id":13733,"href":"https:\/\/mertz.travel\/pl\/wp-json\/wp\/v2\/pages\/7914\/revisions\/13733"}],"wp:attachment":[{"href":"https:\/\/mertz.travel\/pl\/wp-json\/wp\/v2\/media?parent=7914"}],"curies":[{"name":"wp","href":"https:\/\/api.w.org\/{rel}","templated":true}]}}